{"id":3811,"date":"2021-12-08T23:39:04","date_gmt":"2021-12-08T22:39:04","guid":{"rendered":"http:\/\/akks.no\/bergen\/?page_id=3811"},"modified":"2026-02-05T15:03:13","modified_gmt":"2026-02-05T14:03:13","slug":"dj-kurs","status":"publish","type":"page","link":"https:\/\/akks.no\/bergen\/dj-kurs\/","title":{"rendered":"DJ-kurs"},"content":{"rendered":"<p style=\"text-align: right;\"><em>Fra Eggstock Festivalen 2024. Fotograf: Ingvild H\u00e6gh<\/em><\/p>\n<p><strong>Hvor kult ville det ikke v\u00e6rt \u00e5 kunne sette fyr p\u00e5 dansegulvet med god musikk? P\u00e5 v\u00e5rt DJ-kurs l\u00e6rer du alt du trenger for \u00e5 sikre maksimal hoftevrikking hos de du spiller for!<\/strong><\/p>\n<p><i>Oppstart tirsdag uke 16<\/i><br \/>\n<em>Kursdatoer:<span data-sheets-root=\"1\"> 14.04, 21.04, 28.04, 05.05, 12.05, 19.05<\/span><\/em><br \/>\n<i>M\u00e5lgruppe: fra 15 \u00e5r og oppover \u2013 ingen \u00f8vre aldersgrense<\/i><br \/>\n<i>Instrukt\u00f8r: Malene Monslaup<\/i><br \/>\n<i>Sted: USF Verftet<\/i><\/p>\n<p><a href=\"https:\/\/event.checkin.no\/217784\/dj-kursrunde-2-var-2026\"><img loading=\"lazy\" class=\"wp-image-6029 aligncenter\" src=\"http:\/\/akks.no\/bergen\/files\/2023\/05\/Pamelding-e1683807463933-1024x264.png\" alt=\"\" width=\"434\" height=\"112\" srcset=\"https:\/\/akks.no\/bergen\/files\/2023\/05\/Pamelding-e1683807463933-1024x264.png 1024w, https:\/\/akks.no\/bergen\/files\/2023\/05\/Pamelding-e1683807463933-300x77.png 300w, https:\/\/akks.no\/bergen\/files\/2023\/05\/Pamelding-e1683807463933-768x198.png 768w, https:\/\/akks.no\/bergen\/files\/2023\/05\/Pamelding-e1683807463933-1536x395.png 1536w, https:\/\/akks.no\/bergen\/files\/2023\/05\/Pamelding-e1683807463933-2048x527.png 2048w, https:\/\/akks.no\/bergen\/files\/2023\/05\/Pamelding-e1683807463933-600x154.png 600w\" sizes=\"(max-width: 434px) 100vw, 434px\" \/><\/a><\/p>\n<hr \/>\n<h2><img loading=\"lazy\" class=\"alignnone size-large wp-image-6844\" src=\"http:\/\/akks.no\/bergen\/files\/2019\/05\/3X3A5529-scaled-e1701274979548-1024x799.jpg\" alt=\"\" width=\"1024\" height=\"799\" srcset=\"https:\/\/akks.no\/bergen\/files\/2019\/05\/3X3A5529-scaled-e1701274979548-1024x799.jpg 1024w, https:\/\/akks.no\/bergen\/files\/2019\/05\/3X3A5529-scaled-e1701274979548-300x234.jpg 300w, https:\/\/akks.no\/bergen\/files\/2019\/05\/3X3A5529-scaled-e1701274979548-768x599.jpg 768w, https:\/\/akks.no\/bergen\/files\/2019\/05\/3X3A5529-scaled-e1701274979548-1536x1199.jpg 1536w, https:\/\/akks.no\/bergen\/files\/2019\/05\/3X3A5529-scaled-e1701274979548-600x468.jpg 600w, https:\/\/akks.no\/bergen\/files\/2019\/05\/3X3A5529-scaled-e1701274979548.jpg 1689w\" sizes=\"(max-width: 1024px) 100vw, 1024px\" \/><\/h2>\n<p><i><span style=\"font-weight: 400;\">UFLAKKS: Klubb med DJ Maddemoiselle og Bj\u00f8rn Torske. Fotograf: Ingvild H\u00e6gh<\/span><\/i><\/p>\n<hr \/>\n<h2><span style=\"font-weight: 400;\">Praktisk<\/span><\/h2>\n<ul>\n<li style=\"font-weight: 400;\" aria-level=\"1\"><span style=\"font-weight: 400;\">P\u00e5meldingen er bindende (les mer under vilk\u00e5r)<\/span><\/li>\n<li style=\"font-weight: 400;\" aria-level=\"1\"><span style=\"font-weight: 400;\">Vi har 2 kurs pr. kursrunde kl. 18:00-19:15 og kl. 19:30-20:45<\/span><\/li>\n<li style=\"font-weight: 400;\" aria-level=\"1\"><span style=\"font-weight: 400;\">Kurset g\u00e5r over 6 ganger. Hvert kurs varer 1 time og 15 min. inkl. pause.<\/span><\/li>\n<li style=\"font-weight: 400;\" aria-level=\"1\"><span style=\"font-weight: 400;\">Kurset holdes p\u00e5 <\/span><a href=\"https:\/\/g.page\/usfverftet?share\"><span style=\"font-weight: 400;\">USF Verftet<\/span><\/a><span style=\"font-weight: 400;\">, 2. etasje.<\/span><\/li>\n<li style=\"font-weight: 400;\" aria-level=\"1\"><span style=\"font-weight: 400;\">Undervisningen foreg\u00e5r i grupper p\u00e5 maks 3 deltakere.<\/span><\/li>\n<li style=\"font-weight: 400;\" aria-level=\"1\"><span style=\"font-weight: 400;\">Inkludert i kursprisen er et kompendium med praktisk info om DJ\u2019ing.<\/span><\/li>\n<li style=\"font-weight: 400;\" aria-level=\"1\"><span style=\"font-weight: 400;\">Det er sett med DJ-mikser og CD-spillere p\u00e5 kursstedet.<\/span><\/li>\n<li style=\"font-weight: 400;\" aria-level=\"1\"><span style=\"font-weight: 400;\">Ta med en minnepinne med 10 l\u00e5ter i noenlunde samme sjanger og tempo. Det er en fordel om du har med egen datamaskin p\u00e5 f\u00f8rste kurs med nedlastet <\/span><a href=\"https:\/\/rekordbox.com\/en\/download\/\"><span style=\"font-weight: 400;\">Rekordbox software<\/span><\/a><span style=\"font-weight: 400;\"> fra rekordbox.com.<\/span><\/li>\n<\/ul>\n<hr \/>\n<h2><span style=\"font-weight: 400;\">Kursets innhold<\/span><\/h2>\n<p><span style=\"font-weight: 400;\">P\u00e5 DJ-kurset for nybegynnere, f\u00e5r deltakeren en innf\u00f8ring i oppsett og bruk av DJ-utstyr samt en grunnleggende forst\u00e5else av de forskjellige funksjonene p\u00e5 mikseren. Gjennom \u00f8velser l\u00e6rer deltakeren om BPM, \u00e5 mikse, bruke effekter, drop-miksing og beatmatching og -miksing. Beatmiksing er kunsten \u00e5 mikse to l\u00e5ter inn i hverandre i samme tempo. Deltakeren vil bli kjent med ulike sjanger som house, techno, trance, dubstep, drum &amp; bass,\u00a0 disco og lignende.<\/span><\/p>\n<p><span style=\"font-weight: 400;\">P\u00e5 det viderekomne kurset f\u00e5r deltakeren mulighet for \u00e5 videreutvikle sine DJ-kompetanser. I tillegg vil det v\u00e6re fokus p\u00e5 \u00e5 dyrke frem sin egen sound og utforske den kreative rollen som DJ. Man b\u00f8r ha kjennskap til BPM samt hvordan beatmikse for \u00e5 delta p\u00e5 dette kurset.<\/span><\/p>\n<p><i><span style=\"font-weight: 400;\">Alle AKKS sine kurs har fokus p\u00e5 mestringsf\u00f8lelse og spilleglede, og undervisningen foreg\u00e5r i et trygt milj\u00f8 i grupper p\u00e5 tre deltakere. For \u00e5 f\u00e5 mest mulig utbytte av kurset anbefaler vi at man \u00f8ver mellom kursdagene.<\/span><\/i><\/p>\n<hr \/>\n<h2><img loading=\"lazy\" class=\"alignnone size-large wp-image-6854\" src=\"http:\/\/akks.no\/bergen\/files\/2019\/05\/dj-1024x683.jpg\" alt=\"\" width=\"1024\" height=\"683\" srcset=\"https:\/\/akks.no\/bergen\/files\/2019\/05\/dj-1024x683.jpg 1024w, https:\/\/akks.no\/bergen\/files\/2019\/05\/dj-300x200.jpg 300w, https:\/\/akks.no\/bergen\/files\/2019\/05\/dj-768x512.jpg 768w, https:\/\/akks.no\/bergen\/files\/2019\/05\/dj-1536x1024.jpg 1536w, https:\/\/akks.no\/bergen\/files\/2019\/05\/dj-2048x1365.jpg 2048w, https:\/\/akks.no\/bergen\/files\/2019\/05\/dj-720x480.jpg 720w, https:\/\/akks.no\/bergen\/files\/2019\/05\/dj-600x400.jpg 600w\" sizes=\"(max-width: 1024px) 100vw, 1024px\" \/><\/h2>\n<hr \/>\n<h2><strong>Instrukt\u00f8r p\u00e5 DJ-kurs: Malene Monslaup<\/strong><\/h2>\n<hr \/>\n<p><img loading=\"lazy\" class=\"alignnone size-large wp-image-8298\" src=\"http:\/\/akks.no\/bergen\/files\/2025\/08\/4-1024x724.png\" alt=\"\" width=\"1024\" height=\"724\" srcset=\"https:\/\/akks.no\/bergen\/files\/2025\/08\/4-1024x724.png 1024w, https:\/\/akks.no\/bergen\/files\/2025\/08\/4-300x212.png 300w, https:\/\/akks.no\/bergen\/files\/2025\/08\/4-768x543.png 768w, https:\/\/akks.no\/bergen\/files\/2025\/08\/4-1536x1086.png 1536w, https:\/\/akks.no\/bergen\/files\/2025\/08\/4-2048x1448.png 2048w, https:\/\/akks.no\/bergen\/files\/2025\/08\/4-600x424.png 600w\" sizes=\"(max-width: 1024px) 100vw, 1024px\" \/><\/p>\n<p><span style=\"font-weight: 400;\">Malene Monslaup er egentlig akustiker, men har jobbet som DJ p\u00e5 si i over \u00e5tte \u00e5r. Siden hun flyttet til Bergen i 2019 har hun blitt fast inventar bak spakene p\u00e5 Bergens beste klubbscener, blant annet Caf\u00e9 Opera, Landmark og \u00d8stre, og festivaler som Hot!Hot!Hot! og Ekko.\u00a0<\/span><\/p>\n<p>&nbsp;<\/p>\n<p><span style=\"font-weight: 400;\">P\u00e5 klubben g\u00e5r det mest i house, breakbeat, acid og techno, men Malene er glad i og har erfaring med de fleste sjangere, og da spesielt musikk som er g\u00f8y \u00e5 danse til. Kurset kan i stor grad tilpasses deltakerens musikksmak, og det vektlegges \u00e5 komme i gang med \u00e5 spille s\u00e5 fort som mulig.<\/span><\/p>\n<hr \/>\n<h2><strong>Gratis \u00f8ving i v\u00e5re \u00f8vingslokaler i kursperioden<\/strong><\/h2>\n<p><span style=\"font-weight: 400;\">Mellom kursdagene tilbyr vi gratis egen\u00f8ving 2 timer pr. dag i v\u00e5re \u00f8vingslokaler mandag-fredag kl. 08:00-17:00 og l\u00f8rdag-s\u00f8ndag kl. 11:00-23:00. Lokalene kan bookes her.\u00a0<\/span><\/p>\n<p><span style=\"font-weight: 400;\">OBS! Om deltakeren er under 18 \u00e5r kan en foresatt booke lokalet for deltakeren.<\/span><\/p>\n<hr \/>\n<h2><img loading=\"lazy\" class=\"alignnone size-large wp-image-6852\" src=\"http:\/\/akks.no\/bergen\/files\/2019\/05\/3X3A6196-scaled-e1701274660617-1024x791.jpg\" alt=\"\" width=\"1024\" height=\"791\" srcset=\"https:\/\/akks.no\/bergen\/files\/2019\/05\/3X3A6196-scaled-e1701274660617-1024x791.jpg 1024w, https:\/\/akks.no\/bergen\/files\/2019\/05\/3X3A6196-scaled-e1701274660617-300x232.jpg 300w, https:\/\/akks.no\/bergen\/files\/2019\/05\/3X3A6196-scaled-e1701274660617-768x593.jpg 768w, https:\/\/akks.no\/bergen\/files\/2019\/05\/3X3A6196-scaled-e1701274660617-1536x1186.jpg 1536w, https:\/\/akks.no\/bergen\/files\/2019\/05\/3X3A6196-scaled-e1701274660617-600x463.jpg 600w, https:\/\/akks.no\/bergen\/files\/2019\/05\/3X3A6196-scaled-e1701274660617.jpg 1707w\" sizes=\"(max-width: 1024px) 100vw, 1024px\" \/><\/h2>\n<p><i><span style=\"font-weight: 400;\">UFLAKKS: Klubb med DJ Maddemoiselle og Bj\u00f8rn Torske. Fotograf Ingvild H\u00e6gh<\/span><\/i><\/p>\n<hr \/>\n<h2><strong>AKKS-kurs for oss med funksjonsnedsettelser<\/strong><\/h2>\n<p><span style=\"font-weight: 400;\">Har du behov for \u00e5 ha med assistent eller ledsager p\u00e5 kurs, opplys om dette i p\u00e5meldingsskjemaet s\u00e5 kan vi tilrettelegge for dette. Om ledsager \/ assistent skal delta p\u00e5 kurset m\u00e5 de sende inn egen p\u00e5melding for dette. V\u00e5re kurslokaler er dessverre ikke tilpasset rullestolbrukere. Ta gjerne kontakt s\u00e5 kan vi se p\u00e5 hvordan vi kan tilrettelegge for at du kan delta.<\/span><\/p>\n<hr \/>\n<h2><strong>Vilk\u00e5r<\/strong><\/h2>\n<p><span style=\"font-weight: 400;\">P\u00e5meldingen er bindende. Vi har begrenset med plasser p\u00e5 hvert kurs, og vi har derfor ingen avmeldingsfrist p\u00e5 v\u00e5re kurs.<\/span><\/p>\n<p><span style=\"font-weight: 400;\">Ved innsendt p\u00e5melding er man bundet til \u00e5 betale kursavgiften. Det vil si at kursavgift m\u00e5 betales selv om kursdeltakeren ikke m\u00f8ter opp til kurset eller slutter p\u00e5 kurset. Les v\u00e5re <\/span><a href=\"http:\/\/akks.no\/bergen\/files\/2022\/11\/Vilkar-for-kurspamelding-AKKS-Bergen-2023.pdf\"><span style=\"font-weight: 400;\">p\u00e5meldingsbetingelser<\/span><\/a><span style=\"font-weight: 400;\"> og v\u00e5r <\/span><a href=\"https:\/\/akks.no\/personvernerklaering\/\"><span style=\"font-weight: 400;\">personvernerkl\u00e6ring<\/span><\/a><span style=\"font-weight: 400;\">.<\/span><\/p>\n<hr \/>\n<h2><img loading=\"lazy\" class=\"alignnone size-large wp-image-7835\" src=\"http:\/\/akks.no\/bergen\/files\/2024\/12\/3X3A2732-scaled-e1733136413909-1024x898.jpg\" alt=\"\" width=\"1024\" height=\"898\" srcset=\"https:\/\/akks.no\/bergen\/files\/2024\/12\/3X3A2732-scaled-e1733136413909-1024x898.jpg 1024w, https:\/\/akks.no\/bergen\/files\/2024\/12\/3X3A2732-scaled-e1733136413909-300x263.jpg 300w, https:\/\/akks.no\/bergen\/files\/2024\/12\/3X3A2732-scaled-e1733136413909-768x674.jpg 768w, https:\/\/akks.no\/bergen\/files\/2024\/12\/3X3A2732-scaled-e1733136413909-1536x1347.jpg 1536w, https:\/\/akks.no\/bergen\/files\/2024\/12\/3X3A2732-scaled-e1733136413909-600x526.jpg 600w, https:\/\/akks.no\/bergen\/files\/2024\/12\/3X3A2732-scaled-e1733136413909.jpg 1707w\" sizes=\"(max-width: 1024px) 100vw, 1024px\" \/><\/h2>\n<p><em>Fra Eggstok Festivalen 2024. Fotograf: Ingvild H\u00e6gh<\/em><\/p>\n<hr \/>\n<h2><strong>Musikkaktivitet for alle<\/strong><\/h2>\n<p><span style=\"font-weight: 400;\">AKKS Bergen \u00f8nsker ikke at \u00f8konomi skal st\u00e5 i veien for deltakelse p\u00e5 v\u00e5re kurs. Vi har derfor et begrenset antall plasser der man kan f\u00e5 gratis eller redusert pris i kursavgiften om man er AKKS medlem, under 26 \u00e5r og der familien har begrenset \u00f8konomi. For \u00e5 benytte deg av tilbudet m\u00e5 du ta kontakt med oss p\u00e5 kontoret@bergen.akks.no.\u00a0<\/span><\/p>\n<p>Skriver du med \u00f8nske om gratisplasser f\u00e5r du tilsendt link til den gratis p\u00e5meldingssiden.<\/p>\n<p><a href=\"https:\/\/akks.hypersys.no\/page\/blimedlem\/signup?type=87\">Bli medlem her<\/a>.<\/p>\n<p><span style=\"font-weight: 400;\">Benytter man seg av en av v\u00e5re gratisplasser er det gratis \u00e5 l\u00e5ne instrument.<\/span><\/p>\n<hr \/>\n<h2><img loading=\"lazy\" class=\"alignnone size-large wp-image-6849\" src=\"http:\/\/akks.no\/bergen\/files\/2019\/05\/3X3A5681-1024x683.jpg\" alt=\"\" width=\"1024\" height=\"683\" srcset=\"https:\/\/akks.no\/bergen\/files\/2019\/05\/3X3A5681-1024x683.jpg 1024w, https:\/\/akks.no\/bergen\/files\/2019\/05\/3X3A5681-300x200.jpg 300w, https:\/\/akks.no\/bergen\/files\/2019\/05\/3X3A5681-768x512.jpg 768w, https:\/\/akks.no\/bergen\/files\/2019\/05\/3X3A5681-1536x1024.jpg 1536w, https:\/\/akks.no\/bergen\/files\/2019\/05\/3X3A5681-2048x1365.jpg 2048w, https:\/\/akks.no\/bergen\/files\/2019\/05\/3X3A5681-720x480.jpg 720w, https:\/\/akks.no\/bergen\/files\/2019\/05\/3X3A5681-600x400.jpg 600w\" sizes=\"(max-width: 1024px) 100vw, 1024px\" \/><\/h2>\n<p><i><span style=\"font-weight: 400;\">UFLAKKS: Klubb med DJ Maddemoiselle og Bj\u00f8rn Torske. Fotograf: Ingvild H\u00e6gh<\/span><\/i><\/p>\n<hr \/>\n<h2><strong>Betaling<\/strong><\/h2>\n<p><span style=\"font-weight: 400;\">En kan betale med faktura, vipps eller bankkort. Faktura vil bli sendt ut f\u00f8rste kursdag om man velger dette.<\/span><\/p>\n<p><span style=\"font-weight: 400;\">Dersom man velger kursavgift for AKKS-medlemmer og ikke er AKKS-medlem vil man bli etterfakturert medlemskontingenten p\u00e5 kr 50. Om ikke denne betales vil man kunne bli etterfakturert for kurset til ikke-medlemspris.<\/span><\/p>\n<hr \/>\n<p><strong>Er du usikker p\u00e5 niv\u00e5et ditt eller har andre sp\u00f8rsm\u00e5l?<\/strong><br \/>\n<span style=\"font-weight: 400;\">Ta gjerne kontakt med oss p\u00e5 kontoret@bergen.akks.no.<\/span><\/p>\n","protected":false},"excerpt":{"rendered":"<p>Fra Eggstock Festivalen 2024. Fotograf: Ingvild H\u00e6gh Hvor kult ville det ikke v\u00e6rt \u00e5 kunne sette fyr p\u00e5 dansegulvet med god musikk? P\u00e5 v\u00e5rt DJ-kurs l\u00e6rer du alt du trenger for \u00e5 sikre maksimal hoftevrikking hos de du spiller for! Oppstart tirsdag uke 16 Kursdatoer: 14.04, 21.04, 28.04, 05.05, 12.05, 19.05 M\u00e5lgruppe: fra 15 \u00e5r [&hellip;]<\/p>\n","protected":false},"author":5,"featured_media":7826,"parent":0,"menu_order":0,"comment_status":"closed","ping_status":"closed","template":"","meta":[],"_links":{"self":[{"href":"https:\/\/akks.no\/bergen\/wp-json\/wp\/v2\/pages\/3811"}],"collection":[{"href":"https:\/\/akks.no\/bergen\/wp-json\/wp\/v2\/pages"}],"about":[{"href":"https:\/\/akks.no\/bergen\/wp-json\/wp\/v2\/types\/page"}],"author":[{"embeddable":true,"href":"https:\/\/akks.no\/bergen\/wp-json\/wp\/v2\/users\/5"}],"replies":[{"embeddable":true,"href":"https:\/\/akks.no\/bergen\/wp-json\/wp\/v2\/comments?post=3811"}],"version-history":[{"count":24,"href":"https:\/\/akks.no\/bergen\/wp-json\/wp\/v2\/pages\/3811\/revisions"}],"predecessor-version":[{"id":8633,"href":"https:\/\/akks.no\/bergen\/wp-json\/wp\/v2\/pages\/3811\/revisions\/8633"}],"wp:featuredmedia":[{"embeddable":true,"href":"https:\/\/akks.no\/bergen\/wp-json\/wp\/v2\/media\/7826"}],"wp:attachment":[{"href":"https:\/\/akks.no\/bergen\/wp-json\/wp\/v2\/media?parent=3811"}],"curies":[{"name":"wp","href":"https:\/\/api.w.org\/{rel}","templated":true}]}}