{"id":3759,"date":"2021-12-07T00:21:14","date_gmt":"2021-12-06T23:21:14","guid":{"rendered":"http:\/\/akks.no\/bergen\/?page_id=3759"},"modified":"2026-02-05T15:20:20","modified_gmt":"2026-02-05T14:20:20","slug":"pianokurs","status":"publish","type":"page","link":"https:\/\/akks.no\/bergen\/pianokurs\/","title":{"rendered":"Pianokurs"},"content":{"rendered":"<p style=\"text-align: right;\">\n<p style=\"text-align: left;\"><strong>\u00d8nsker du \u00e5 spille yndlingsl\u00e5tene dine? Akkompagnere deg selv n\u00e5r du synger? Eller kanskje du \u00f8nsker \u00e5 spille keyboard i et band? Undervisningen tar for seg spilleteknikk, akkordl\u00e6re og improvisasjon. L\u00e5tene velges ut av instrukt\u00f8r i samarbeid med deltaker, og undervisningen vil bli lagt opp etter dine m\u00e5l, forkunnskaper og \u00f8nsker.\u00a0<\/strong><\/p>\n<p><i>Oppstart tirsdag uke 16<\/i><br \/>\n<em>Kursdatoer: <span data-sheets-root=\"1\">14.04, 21.04, 28.04, 05.05, 12.05, 19.05<\/span><\/em><br \/>\n<i>M\u00e5lgruppe: fra 12 \u00e5r og oppover \u2013 ingen \u00f8vre aldersgrense<\/i><br \/>\n<i>Instrukt\u00f8r: Tyra Fosheim Eide<\/i><br \/>\n<i>Sted: USF Verftet<\/i><\/p>\n<p><a href=\"https:\/\/event.checkin.no\/217783\/piano-kursrunde-2-var-2026\"><img loading=\"lazy\" class=\"wp-image-6029 aligncenter\" src=\"http:\/\/akks.no\/bergen\/files\/2023\/05\/Pamelding-e1683807463933-1024x264.png\" alt=\"\" width=\"434\" height=\"112\" srcset=\"https:\/\/akks.no\/bergen\/files\/2023\/05\/Pamelding-e1683807463933-1024x264.png 1024w, https:\/\/akks.no\/bergen\/files\/2023\/05\/Pamelding-e1683807463933-300x77.png 300w, https:\/\/akks.no\/bergen\/files\/2023\/05\/Pamelding-e1683807463933-768x198.png 768w, https:\/\/akks.no\/bergen\/files\/2023\/05\/Pamelding-e1683807463933-1536x395.png 1536w, https:\/\/akks.no\/bergen\/files\/2023\/05\/Pamelding-e1683807463933-2048x527.png 2048w, https:\/\/akks.no\/bergen\/files\/2023\/05\/Pamelding-e1683807463933-600x154.png 600w\" sizes=\"(max-width: 434px) 100vw, 434px\" \/><\/a><\/p>\n<hr \/>\n<p><img loading=\"lazy\" class=\"alignnone size-large wp-image-7398\" src=\"http:\/\/akks.no\/bergen\/files\/2024\/07\/3X3A9192-1024x683.jpg\" alt=\"\" width=\"1024\" height=\"683\" srcset=\"https:\/\/akks.no\/bergen\/files\/2024\/07\/3X3A9192-1024x683.jpg 1024w, https:\/\/akks.no\/bergen\/files\/2024\/07\/3X3A9192-300x200.jpg 300w, https:\/\/akks.no\/bergen\/files\/2024\/07\/3X3A9192-768x512.jpg 768w, https:\/\/akks.no\/bergen\/files\/2024\/07\/3X3A9192-1536x1024.jpg 1536w, https:\/\/akks.no\/bergen\/files\/2024\/07\/3X3A9192-2048x1365.jpg 2048w, https:\/\/akks.no\/bergen\/files\/2024\/07\/3X3A9192-720x480.jpg 720w, https:\/\/akks.no\/bergen\/files\/2024\/07\/3X3A9192-600x400.jpg 600w\" sizes=\"(max-width: 1024px) 100vw, 1024px\" \/><\/p>\n<p style=\"text-align: left;\"><i>Fra AKKS Sommer Musikkleir 2024. Fotograf: Ingvild H\u00e6gh<\/i><\/p>\n<hr \/>\n<h2><span style=\"font-weight: 400;\">Praktisk<\/span><\/h2>\n<ul>\n<li style=\"font-weight: 400;\" aria-level=\"1\"><span style=\"font-weight: 400;\">P\u00e5meldingen er bindende (les mer under vilk\u00e5r)<\/span><\/li>\n<li><span style=\"font-weight: 400;\">Vi har 3 kurs pr. kursrunde kl. 16:30-17:45, kl. 18:00-19:15 og kl. 19:30-20:45<\/span><\/li>\n<li style=\"font-weight: 400;\" aria-level=\"1\"><span style=\"font-weight: 400;\">Kurset g\u00e5r over 6 ganger. Hvert kurs varer 1 time og 15 min. inkl. pause.<\/span><\/li>\n<li style=\"font-weight: 400;\" aria-level=\"1\"><span style=\"font-weight: 400;\">Kurset holdes p\u00e5 <\/span><a href=\"https:\/\/g.page\/usfverftet?share\"><span style=\"font-weight: 400;\">USF Verftet<\/span><\/a><span style=\"font-weight: 400;\">, 2. etasje.<\/span><\/li>\n<li style=\"font-weight: 400;\" aria-level=\"1\"><span style=\"font-weight: 400;\">Undervisningen foreg\u00e5r i grupper p\u00e5 maks 4 deltakere.<\/span><\/li>\n<li style=\"font-weight: 400;\" aria-level=\"1\"><span style=\"font-weight: 400;\">Inkludert i kursprisen er et kompendium med praktisk info om pianospill.<\/span><\/li>\n<li style=\"font-weight: 400;\" aria-level=\"1\"><span style=\"font-weight: 400;\">Hver deltaker har sitt eget piano i kurslokalet med headsett.<\/span><\/li>\n<\/ul>\n<hr \/>\n<h2><span style=\"font-weight: 400;\">Kursets innhold<\/span><\/h2>\n<p><span style=\"font-weight: 400;\">P\u00e5 pianokurset for nybegynnere f\u00e5r deltakeren gjennom \u00f8velser i generell spilleteknikk og notelesing grunnleggende oppl\u00e6ring p\u00e5 sitt instrument som grunnlag for \u00e5 kunne spille alene og sammen med andre.\u00a0<\/span><\/p>\n<p><span style=\"font-weight: 400;\">Pianokurset for viderekommene er kurset for deg som har spilt litt fra f\u00f8r, eller har g\u00e5tt v\u00e5rt nybegynnerkurs. Vi utforsker ulike spilleteknikker, spillestiler og de vanskeligere akkordvendingene. Vi jobber med notelesing og spill av mer avanserte l\u00e5ter, i tillegg til \u00e5 leke med komposisjon og mulighetene pianoet gir.<\/span><\/p>\n<p><i><span style=\"font-weight: 400;\">Alle AKKS sine kurs har fokus p\u00e5 mestringsf\u00f8lelse og spilleglede, og undervisningen foreg\u00e5r i et trygt milj\u00f8 i sm\u00e5 grupper. Og s\u00e5 begynner vi tidlig med \u00e5 spille.<\/span><\/i><\/p>\n<hr \/>\n<p><img loading=\"lazy\" class=\"alignnone size-large wp-image-6895\" src=\"http:\/\/akks.no\/bergen\/files\/2021\/12\/3X3A1270-1024x683.jpg\" alt=\"\" width=\"1024\" height=\"683\" srcset=\"https:\/\/akks.no\/bergen\/files\/2021\/12\/3X3A1270-1024x683.jpg 1024w, https:\/\/akks.no\/bergen\/files\/2021\/12\/3X3A1270-300x200.jpg 300w, https:\/\/akks.no\/bergen\/files\/2021\/12\/3X3A1270-768x512.jpg 768w, https:\/\/akks.no\/bergen\/files\/2021\/12\/3X3A1270-1536x1024.jpg 1536w, https:\/\/akks.no\/bergen\/files\/2021\/12\/3X3A1270-2048x1365.jpg 2048w, https:\/\/akks.no\/bergen\/files\/2021\/12\/3X3A1270-720x480.jpg 720w, https:\/\/akks.no\/bergen\/files\/2021\/12\/3X3A1270-600x400.jpg 600w\" sizes=\"(max-width: 1024px) 100vw, 1024px\" \/><\/p>\n<p style=\"text-align: left;\"><i>Astraea p\u00e5 Eggstockfestival 2023. Fotograf: Ingvild H\u00e6gh<\/i><\/p>\n<hr \/>\n<h2><b>Instrukt\u00f8r p\u00e5 pianokurs: Tyra Fosheim Eide<\/b><b><\/b><\/h2>\n<hr \/>\n<p><img loading=\"lazy\" class=\"alignnone size-large wp-image-8296\" src=\"http:\/\/akks.no\/bergen\/files\/2025\/08\/2-1024x724.png\" alt=\"\" width=\"1024\" height=\"724\" srcset=\"https:\/\/akks.no\/bergen\/files\/2025\/08\/2-1024x724.png 1024w, https:\/\/akks.no\/bergen\/files\/2025\/08\/2-300x212.png 300w, https:\/\/akks.no\/bergen\/files\/2025\/08\/2-768x543.png 768w, https:\/\/akks.no\/bergen\/files\/2025\/08\/2-1536x1086.png 1536w, https:\/\/akks.no\/bergen\/files\/2025\/08\/2-2048x1448.png 2048w, https:\/\/akks.no\/bergen\/files\/2025\/08\/2-600x424.png 600w\" sizes=\"(max-width: 1024px) 100vw, 1024px\" \/><\/p>\n<p><span style=\"font-weight: 400;\">Tyra elsker musikk og formidling, og liker b\u00e5de \u00e5 spille og synge. Ved siden av musikken tar hun en master i programmering ved Universitetet i Bergen. Hun elsker \u00e5 spille sammen med andre og utveksle kunnskap og spilleglede. Tyra<\/span><span style=\"font-weight: 400;\"> begynte med klassisk piano da hun var 8 \u00e5r gammel, og opp igjennom \u00e5rene gikk hun p\u00e5 b\u00e5de Kulturskolens fordypningsprogram og p\u00e5 Langhaugen musikklinjen med piano som hovedinstrument.\u00a0<\/span><\/p>\n<p><span style=\"font-weight: 400;\">I dag spiller hun fortsatt piano og korer i blant annet bandene Twisted Days og Bellefolie. Sammen med<\/span><span style=\"font-weight: 400;\"> Twisted Days har de sluppet en EP og tre singler s\u00e5 langt, med en singel til p\u00e5 vei. De kom p\u00e5 tredjeplass og vant publikumsprisen p\u00e5 Eggstockfestivalen i 2022 og har spilt p\u00e5 de fleste scener i Bergen siden det. <\/span><span style=\"font-weight: 400;\">Bellefolie har sluppet flere singler i \u00e5r og spilte blant annet nylig to konserter i London med Tyra bak pianoet.<\/span><\/p>\n<p><span style=\"font-weight: 400;\">Om \u00e5 v\u00e6re instrukt\u00f8r siger Tyra selv:<\/span> <em><span style=\"font-weight: 400;\">Jeg har v\u00e6rt instrukt\u00f8r f\u00f8r og hadde blant annet kurs p\u00e5 Ny Krohnborg skole for nybegynnere. Det var utrolig givende \u00e5 se progresjonen elevene mine hadde, og hvor mye glede de fikk med musikk og piano. <\/span><span style=\"font-weight: 400;\">Jeg ser veldig frem til \u00e5 hjelpe deltakerne \u00e5 uttrykke seg musikalsk med pianoet som sitt redskap. Musikk er som et spr\u00e5k, og jeg ser frem til at vi skal utveksle dette.<\/span><\/em><\/p>\n<hr \/>\n<h2><strong>Gratis \u00f8ving i v\u00e5re \u00f8vingslokaler i kursperioden<\/strong><\/h2>\n<p><span style=\"font-weight: 400;\">Mellom kursdagene tilbyr vi gratis egen\u00f8ving 2 timer pr. dag i v\u00e5re \u00f8vingslokaler mandag-fredag kl. 08:00-17:00 og l\u00f8rdag-s\u00f8ndag kl. 11:00-23:00. Lokalene kan bookes her.\u00a0<\/span><\/p>\n<p><span style=\"font-weight: 400;\">OBS! Om deltakeren er under 18 \u00e5r kan en foresatt booke lokalet for deltakeren.<\/span><\/p>\n<hr \/>\n<h3><img loading=\"lazy\" class=\"alignnone size-large wp-image-6897\" src=\"http:\/\/akks.no\/bergen\/files\/2021\/12\/3X3A7408-scaled-e1701278824966-1024x737.jpg\" alt=\"\" width=\"1024\" height=\"737\" srcset=\"https:\/\/akks.no\/bergen\/files\/2021\/12\/3X3A7408-scaled-e1701278824966-1024x737.jpg 1024w, https:\/\/akks.no\/bergen\/files\/2021\/12\/3X3A7408-scaled-e1701278824966-300x216.jpg 300w, https:\/\/akks.no\/bergen\/files\/2021\/12\/3X3A7408-scaled-e1701278824966-768x552.jpg 768w, https:\/\/akks.no\/bergen\/files\/2021\/12\/3X3A7408-scaled-e1701278824966-1536x1105.jpg 1536w, https:\/\/akks.no\/bergen\/files\/2021\/12\/3X3A7408-scaled-e1701278824966-600x432.jpg 600w, https:\/\/akks.no\/bergen\/files\/2021\/12\/3X3A7408-scaled-e1701278824966.jpg 1707w\" sizes=\"(max-width: 1024px) 100vw, 1024px\" \/><\/h3>\n<p style=\"text-align: left;\"><i>Fra AKKS -konserten 25. mai 2023. Fotograf: Ingvild H\u00e6gh<\/i><\/p>\n<hr \/>\n<h2><strong>AKKS-kurs for oss med funksjonsnedsettelser<\/strong><\/h2>\n<p><span style=\"font-weight: 400;\">Har du behov for \u00e5 ha med assistent eller ledsager p\u00e5 kurs, opplys om dette i p\u00e5meldingsskjemaet s\u00e5 kan vi tilrettelegge for dette. Om ledsager \/ assistent skal delta p\u00e5 kurset m\u00e5 de sende inn egen p\u00e5melding for dette. V\u00e5re kurslokaler er dessverre ikke tilpasset rullestolbrukere. Ta gjerne kontakt s\u00e5 kan vi se p\u00e5 hvordan vi kan tilrettelegge for at du kan delta.<\/span><\/p>\n<hr \/>\n<h2><strong>Vilk\u00e5r<\/strong><\/h2>\n<p><span style=\"font-weight: 400;\">P\u00e5meldingen er bindende. Vi har begrenset med plasser p\u00e5 hvert kurs, og vi har derfor ingen avmeldingsfrist p\u00e5 v\u00e5re kurs.<\/span><\/p>\n<p><span style=\"font-weight: 400;\">Ved innsendt p\u00e5melding er man bundet til \u00e5 betale kursavgiften. Det vil si at kursavgift m\u00e5 betales selv om kursdeltakeren ikke m\u00f8ter opp til kurset eller slutter p\u00e5 kurset. Les v\u00e5re <\/span><a href=\"http:\/\/akks.no\/bergen\/files\/2022\/11\/Vilkar-for-kurspamelding-AKKS-Bergen-2023.pdf\"><span style=\"font-weight: 400;\">p\u00e5meldingsbetingelser<\/span><\/a><span style=\"font-weight: 400;\"> og v\u00e5r <\/span><a href=\"https:\/\/akks.no\/personvernerklaering\/\"><span style=\"font-weight: 400;\">personvernerkl\u00e6ring<\/span><\/a><span style=\"font-weight: 400;\">.<\/span><\/p>\n<hr \/>\n<p><img loading=\"lazy\" class=\"alignnone size-large wp-image-6906\" src=\"http:\/\/akks.no\/bergen\/files\/2021\/12\/3X3A5284-1-scaled-e1701346107383-1024x825.jpg\" alt=\"\" width=\"1024\" height=\"825\" srcset=\"https:\/\/akks.no\/bergen\/files\/2021\/12\/3X3A5284-1-scaled-e1701346107383-1024x825.jpg 1024w, https:\/\/akks.no\/bergen\/files\/2021\/12\/3X3A5284-1-scaled-e1701346107383-300x242.jpg 300w, https:\/\/akks.no\/bergen\/files\/2021\/12\/3X3A5284-1-scaled-e1701346107383-768x619.jpg 768w, https:\/\/akks.no\/bergen\/files\/2021\/12\/3X3A5284-1-scaled-e1701346107383-1536x1238.jpg 1536w, https:\/\/akks.no\/bergen\/files\/2021\/12\/3X3A5284-1-scaled-e1701346107383-600x484.jpg 600w, https:\/\/akks.no\/bergen\/files\/2021\/12\/3X3A5284-1-scaled-e1701346107383.jpg 1707w\" sizes=\"(max-width: 1024px) 100vw, 1024px\" \/><\/p>\n<p style=\"text-align: left;\"><i>Fra \u00c5pen Scene v\u00e5ren 2023. Fotograf: Ingvild H\u00e6gh<\/i><\/p>\n<hr \/>\n<h2><strong>Musikkaktivitet for alle<\/strong><\/h2>\n<p><span style=\"font-weight: 400;\">AKKS Bergen \u00f8nsker ikke at \u00f8konomi skal st\u00e5 i veien for deltakelse p\u00e5 v\u00e5re kurs. Vi har derfor et begrenset antall plasser der man kan f\u00e5 gratis eller redusert pris i kursavgiften om man er AKKS medlem, under 26 \u00e5r og der familien har begrenset \u00f8konomi. For \u00e5 benytte deg av tilbudet m\u00e5 du ta kontakt med oss p\u00e5 kontoret@bergen.akks.no.\u00a0<\/span><\/p>\n<p>Skriver du med \u00f8nske om gratisplasser f\u00e5r du tilsendt link til den gratis p\u00e5meldingssiden.<\/p>\n<p><a href=\"https:\/\/akks.hypersys.no\/page\/blimedlem\/signup?type=87\">Bli medlem her<\/a>.<\/p>\n<p><span style=\"font-weight: 400;\">Benytter man seg av en av v\u00e5re gratisplasser er det gratis \u00e5 l\u00e5ne instrument.<\/span><\/p>\n<hr \/>\n<h3><img loading=\"lazy\" class=\"alignnone size-large wp-image-6903\" src=\"http:\/\/akks.no\/bergen\/files\/2021\/12\/3X3A9411-1024x683.jpg\" alt=\"\" width=\"1024\" height=\"683\" srcset=\"https:\/\/akks.no\/bergen\/files\/2021\/12\/3X3A9411-1024x683.jpg 1024w, https:\/\/akks.no\/bergen\/files\/2021\/12\/3X3A9411-300x200.jpg 300w, https:\/\/akks.no\/bergen\/files\/2021\/12\/3X3A9411-768x512.jpg 768w, https:\/\/akks.no\/bergen\/files\/2021\/12\/3X3A9411-1536x1024.jpg 1536w, https:\/\/akks.no\/bergen\/files\/2021\/12\/3X3A9411-2048x1365.jpg 2048w, https:\/\/akks.no\/bergen\/files\/2021\/12\/3X3A9411-720x480.jpg 720w, https:\/\/akks.no\/bergen\/files\/2021\/12\/3X3A9411-600x400.jpg 600w\" sizes=\"(max-width: 1024px) 100vw, 1024px\" \/><\/h3>\n<p style=\"text-align: left;\"><i>Fra AKKS Sommer Musikkleir 2023. Fotograf: Ingvild H\u00e6gh<\/i><\/p>\n<hr \/>\n<h2><strong>Betaling<\/strong><\/h2>\n<p><span style=\"font-weight: 400;\">En kan betale med faktura, vipps eller bankkort. Faktura vil bli sendt ut f\u00f8rste kursdag om man velger dette.<\/span><\/p>\n<p><span style=\"font-weight: 400;\">Dersom man velger kursavgift for AKKS-medlemmer og ikke er AKKS-medlem vil man bli etterfakturert medlemskontingenten p\u00e5 kr 50. Om ikke denne betales vil man kunne bli etterfakturert for kurset til ikke-medlemspris.<\/span><\/p>\n<hr \/>\n<p><strong>Er du usikker p\u00e5 niv\u00e5et ditt eller har andre sp\u00f8rsm\u00e5l?<\/strong><br \/>\n<span style=\"font-weight: 400;\">Ta gjerne kontakt med oss p\u00e5 kontoret@bergen.akks.no.<\/span><\/p>\n","protected":false},"excerpt":{"rendered":"<p>\u00d8nsker du \u00e5 spille yndlingsl\u00e5tene dine? Akkompagnere deg selv n\u00e5r du synger? Eller kanskje du \u00f8nsker \u00e5 spille keyboard i et band? Undervisningen tar for seg spilleteknikk, akkordl\u00e6re og improvisasjon. L\u00e5tene velges ut av instrukt\u00f8r i samarbeid med deltaker, og undervisningen vil bli lagt opp etter dine m\u00e5l, forkunnskaper og \u00f8nsker.\u00a0 Oppstart tirsdag uke 16 [&hellip;]<\/p>\n","protected":false},"author":5,"featured_media":8637,"parent":0,"menu_order":0,"comment_status":"closed","ping_status":"closed","template":"","meta":[],"_links":{"self":[{"href":"https:\/\/akks.no\/bergen\/wp-json\/wp\/v2\/pages\/3759"}],"collection":[{"href":"https:\/\/akks.no\/bergen\/wp-json\/wp\/v2\/pages"}],"about":[{"href":"https:\/\/akks.no\/bergen\/wp-json\/wp\/v2\/types\/page"}],"author":[{"embeddable":true,"href":"https:\/\/akks.no\/bergen\/wp-json\/wp\/v2\/users\/5"}],"replies":[{"embeddable":true,"href":"https:\/\/akks.no\/bergen\/wp-json\/wp\/v2\/comments?post=3759"}],"version-history":[{"count":34,"href":"https:\/\/akks.no\/bergen\/wp-json\/wp\/v2\/pages\/3759\/revisions"}],"predecessor-version":[{"id":8638,"href":"https:\/\/akks.no\/bergen\/wp-json\/wp\/v2\/pages\/3759\/revisions\/8638"}],"wp:featuredmedia":[{"embeddable":true,"href":"https:\/\/akks.no\/bergen\/wp-json\/wp\/v2\/media\/8637"}],"wp:attachment":[{"href":"https:\/\/akks.no\/bergen\/wp-json\/wp\/v2\/media?parent=3759"}],"curies":[{"name":"wp","href":"https:\/\/api.w.org\/{rel}","templated":true}]}}