{"id":37,"date":"2017-10-06T14:56:31","date_gmt":"2017-10-06T12:56:31","guid":{"rendered":"http:\/\/akks-no.staging.wordpress.idium.no\/oslo\/?page_id=37"},"modified":"2023-07-23T13:13:01","modified_gmt":"2023-07-23T11:13:01","slug":"konserter","status":"publish","type":"page","link":"https:\/\/akks.no\/bergen\/konserter\/","title":{"rendered":"Konserter"},"content":{"rendered":"<p>For alle v\u00e5re kursdeltakere arrangerer vi AKKS-konserten i slutten av hver kursperiode, og der f\u00e5r de muligheten til \u00e5 vise frem hva de har l\u00e6rt. Om du ikke g\u00e5r p\u00e5 kurs men likevel bruker \u00f8vingslokalene, kan du spille p\u00e5 AKKS presenterer: Torsdagsrock som vi arrangerer i samarbeid med Hulen \u00e9n gang i semesteret. Her spiller flere up-and-coming artister som plukkes fra v\u00e5re \u00f8vingslokaler, og av Hulen. Eller p\u00e5 \u00c5pen scene der man kan f\u00e5 vise l\u00e5tmateriale for et publikum.<\/p>\n<p>Under 18 \u00e5r og ingen verge til \u00e5 ta deg med p\u00e5 konsert? Ikke noe problem! AKKS Bergen leder ungdomsarrang\u00f8rgruppen UFLAKKS som arrangerer rusfrie konserter med fri aldersgrense. UFLAKKS er b\u00e5de av og for ungdommer, s\u00e5 det blir rykende ferske artister og uforglemmelige konsertopplevelser. Om du heller vil st\u00e5 p\u00e5 scenen enn i publikum, arrangerer vi ogs\u00e5 den tradisjonsrike Eggstockfestivalen i begynnelsen av juni hvert \u00e5r. Festivalen har r\u00f8tter tilbake til 60-tallet og er et springbrett for unge, uetablerte artister i Vestland. Eggstockfestivalen har ogs\u00e5 fri aldersgrense.<\/p>\n<p>I l\u00f8pet av \u00e5ret gjennomf\u00f8rer vi ogs\u00e5 andre arrangementer, som m\u00e5nedlig AKKS-bingo p\u00e5 Apollon og markering av kvinnedagen i mars. F\u00f8lg med p\u00e5 v\u00e5r <a href=\"https:\/\/www.instagram.com\/akksbergen\/\">Instagram<\/a> og <a href=\"https:\/\/www.facebook.com\/AKKSBergen\/\">Facebook-side<\/a> for \u00e5 holde deg oppdatert.<\/p>\n<p>\u00d8nsker du spille p\u00e5 et av v\u00e5re arrangementer? <a href=\"https:\/\/forms.gle\/C89stmYLxQv1KyYD9\">Meld din interesse!\u00a0<\/a><\/p>\n<p>Vi vil at arrangementene v\u00e5re skal v\u00e6re tilgjengelige for alle. Ledsager g\u00e5r derfor gratis p\u00e5 alle v\u00e5re arrangement ved fremvisning av gyldig ledsagerbevis utstedt av kommunen. Aktivitetskortet fra Bergen kommune kan ogs\u00e5 benyttes p\u00e5 v\u00e5re arrangement. Ved forh\u00e5ndsbestilling av billetter eller andre sp\u00f8rsm\u00e5l, ta kontakt med oss p\u00e5 bergen@akks.no eller tlf. 55 55 75 55.<\/p>\n","protected":false},"excerpt":{"rendered":"<p>For alle v\u00e5re kursdeltakere arrangerer vi AKKS-konserten i slutten av hver kursperiode, og der f\u00e5r de muligheten til \u00e5 vise frem hva de har l\u00e6rt. Om du ikke g\u00e5r p\u00e5 kurs men likevel bruker \u00f8vingslokalene, kan du spille p\u00e5 AKKS presenterer: Torsdagsrock som vi arrangerer i samarbeid med Hulen \u00e9n gang i semesteret. Her spiller [&hellip;]<\/p>\n","protected":false},"author":5,"featured_media":6289,"parent":0,"menu_order":0,"comment_status":"closed","ping_status":"closed","template":"","meta":[],"_links":{"self":[{"href":"https:\/\/akks.no\/bergen\/wp-json\/wp\/v2\/pages\/37"}],"collection":[{"href":"https:\/\/akks.no\/bergen\/wp-json\/wp\/v2\/pages"}],"about":[{"href":"https:\/\/akks.no\/bergen\/wp-json\/wp\/v2\/types\/page"}],"author":[{"embeddable":true,"href":"https:\/\/akks.no\/bergen\/wp-json\/wp\/v2\/users\/5"}],"replies":[{"embeddable":true,"href":"https:\/\/akks.no\/bergen\/wp-json\/wp\/v2\/comments?post=37"}],"version-history":[{"count":15,"href":"https:\/\/akks.no\/bergen\/wp-json\/wp\/v2\/pages\/37\/revisions"}],"predecessor-version":[{"id":6460,"href":"https:\/\/akks.no\/bergen\/wp-json\/wp\/v2\/pages\/37\/revisions\/6460"}],"wp:featuredmedia":[{"embeddable":true,"href":"https:\/\/akks.no\/bergen\/wp-json\/wp\/v2\/media\/6289"}],"wp:attachment":[{"href":"https:\/\/akks.no\/bergen\/wp-json\/wp\/v2\/media?parent=37"}],"curies":[{"name":"wp","href":"https:\/\/api.w.org\/{rel}","templated":true}]}}