{"id":3534,"date":"2021-10-02T14:30:20","date_gmt":"2021-10-02T12:30:20","guid":{"rendered":"http:\/\/akks.no\/bergen\/?page_id=3534"},"modified":"2025-12-10T15:36:39","modified_gmt":"2025-12-10T14:36:39","slug":"grip","status":"publish","type":"page","link":"https:\/\/akks.no\/bergen\/grip\/","title":{"rendered":"GRIP &#8211; Kurs i lyd- og lysteknikk"},"content":{"rendered":"<p><span style=\"font-weight: 400;\">GRIP er en del av et initiativ fra Bergen Kj\u00f8tt, AKKS Bergen, Carte Blanche, Bergen Internasjonale Teater og lydtekniker Irene Bj\u00f8rke for \u00e5 styrke et st\u00f8rre mangfold av personer med teknisk kompetanse i Vestland. Kvinner, ikke-bin\u00e6re og transpersoner er fortsatt sterkt underrepresentert innen lyd- og lysteknikk \u2013 i 2022 ble det rapportert at 93 % av alle teknikere i Norge er cis-menn. Dette \u00f8nsker vi \u00e5 endre.<\/span><\/p>\n<p><span style=\"font-weight: 400;\">GRIP har som m\u00e5l \u00e5 \u00f8ke andelen kvinner, ikke-bin\u00e6re og transpersoner i lyd- og lysteknikerroller i Norges kulturorganisasjoner. Utviklingen av kulturscenen handler ikke bare om \u00e5 skape et mangfold av rollemodeller p\u00e5 scenen, men ogs\u00e5 bak kulissene \u2013 innen produksjon, lys- og lydteknikk, og i alle andre viktige roller bak kulissene.<\/span><\/p>\n<p><span style=\"font-weight: 400;\">GRIP har som m\u00e5l \u00e5 gi langsiktig praktisk oppl\u00e6ring, erfaring og veiledning innen lydteknikk p\u00e5 tvers av kulturelle disipliner, som musikk, dans, performance og teater. GRIP ogs\u00e5 samarbeider med andre organisasjoner i Bergen inkludert Vill Vill Vest-festivalen, Borealis \u2013 en festival for eksperimentell musikk, \u00d8stre, Bergen Kunsthall \/ Landmark, Transgender Awareness Week og Creative Technology for \u00e5 tilby praktisk erfaring for GRIP-elevene.<\/span><\/p>\n<p><span style=\"font-weight: 400;\">GRIP er \u00e5pent for alle over 18 \u00e5r (uten \u00f8vre aldersgrense) og tilbyr fordypningskurs i lydteknikk og introduksjonskurs i b\u00e5de lyd- og lysteknikk. Mellom 2021-22 utdannet GRIP mer enn 100 personer, inkludert nye lydteknikere samt l\u00e6rere, musikere, ungdomsarbeidere, produsenter og kuratorer som \u00f8nsker \u00e5 f\u00e5 mer kunnskap og tillit til lydteknologi. 92 % av GRIP-deltakerne har v\u00e6rt kvinner, ikke-bin\u00e6re og transpersoner og mange jobber n\u00e5 som profesjonelle lydteknikere i Bergen og Norge.<\/span><\/p>\n<p><span style=\"font-weight: 400;\">GRIP arrangeres med partnere i Bergen inkludert Borealis \u2013 en festival for eksperimentell musikk og Vill Vill Vest og er st\u00f8ttet av Sparebanken Vest, Bergen kommune, Kulturrom, og apap-FEMINIST FUTURES (finansiert av Creative Europe-programmet i EU).<\/span><\/p>\n<p><b>Har ikke p\u00e5meldingen blitt lansert kan du melde deg p\u00e5 <a href=\"https:\/\/forms.gle\/g5To5hesWv9RQT2F7\">interesselisten her<\/a> og f\u00e5 mail s\u00e5 snart vi \u00e5pner for p\u00e5melding!<\/b><\/p>\n<p><img loading=\"lazy\" class=\"alignnone wp-image-5116\" src=\"http:\/\/akks.no\/bergen\/files\/2022\/09\/eu_co_funded_en-1024x215.jpeg\" alt=\"\" width=\"568\" height=\"119\" srcset=\"https:\/\/akks.no\/bergen\/files\/2022\/09\/eu_co_funded_en-1024x215.jpeg 1024w, https:\/\/akks.no\/bergen\/files\/2022\/09\/eu_co_funded_en-300x63.jpeg 300w, https:\/\/akks.no\/bergen\/files\/2022\/09\/eu_co_funded_en-768x161.jpeg 768w, https:\/\/akks.no\/bergen\/files\/2022\/09\/eu_co_funded_en-600x126.jpeg 600w, https:\/\/akks.no\/bergen\/files\/2022\/09\/eu_co_funded_en.jpeg 1100w\" sizes=\"(max-width: 568px) 100vw, 568px\" \/><\/p>\n<p><i><span lang=\"EN-US\">GRIP is part of Bergen Internasjonale Teater\u00b4s project apap \u2013 FEMINIST FUTURES, co-funded by the Creative Europe Programme of the European Union and aims to initiate powerful social changes and address inequality in the contemporary Performing Arts.<\/span><\/i><\/p>\n","protected":false},"excerpt":{"rendered":"<p>GRIP er en del av et initiativ fra Bergen Kj\u00f8tt, AKKS Bergen, Carte Blanche, Bergen Internasjonale Teater og lydtekniker Irene Bj\u00f8rke for \u00e5 styrke et st\u00f8rre mangfold av personer med teknisk kompetanse i Vestland. Kvinner, ikke-bin\u00e6re og transpersoner er fortsatt sterkt underrepresentert innen lyd- og lysteknikk \u2013 i 2022 ble det rapportert at 93 % [&hellip;]<\/p>\n","protected":false},"author":5,"featured_media":7350,"parent":0,"menu_order":0,"comment_status":"closed","ping_status":"closed","template":"","meta":[],"_links":{"self":[{"href":"https:\/\/akks.no\/bergen\/wp-json\/wp\/v2\/pages\/3534"}],"collection":[{"href":"https:\/\/akks.no\/bergen\/wp-json\/wp\/v2\/pages"}],"about":[{"href":"https:\/\/akks.no\/bergen\/wp-json\/wp\/v2\/types\/page"}],"author":[{"embeddable":true,"href":"https:\/\/akks.no\/bergen\/wp-json\/wp\/v2\/users\/5"}],"replies":[{"embeddable":true,"href":"https:\/\/akks.no\/bergen\/wp-json\/wp\/v2\/comments?post=3534"}],"version-history":[{"count":26,"href":"https:\/\/akks.no\/bergen\/wp-json\/wp\/v2\/pages\/3534\/revisions"}],"predecessor-version":[{"id":8494,"href":"https:\/\/akks.no\/bergen\/wp-json\/wp\/v2\/pages\/3534\/revisions\/8494"}],"wp:featuredmedia":[{"embeddable":true,"href":"https:\/\/akks.no\/bergen\/wp-json\/wp\/v2\/media\/7350"}],"wp:attachment":[{"href":"https:\/\/akks.no\/bergen\/wp-json\/wp\/v2\/media?parent=3534"}],"curies":[{"name":"wp","href":"https:\/\/api.w.org\/{rel}","templated":true}]}}