{"id":35,"date":"2025-03-06T14:55:55","date_gmt":"2025-03-06T13:55:55","guid":{"rendered":"http:\/\/akks-no.staging.wordpress.idium.no\/oslo\/?page_id=35"},"modified":"2026-04-09T10:08:11","modified_gmt":"2026-04-09T08:08:11","slug":"kurs","status":"publish","type":"page","link":"https:\/\/akks.no\/bergen\/kurs\/","title":{"rendered":"Kurs"},"content":{"rendered":"<div class=\"\" data-block=\"true\" data-editor=\"3flm6\" data-offset-key=\"2lcj3-0-0\">\n<h2 class=\"_1mf _1mj\" data-offset-key=\"2lcj3-0-0\"><strong>Har du lyst \u00e5 pr\u00f8ve \u00e5 spille et instrument? <\/strong><strong>Bli med p\u00e5 neste kursrunde!<\/strong><\/h2>\n<p>&nbsp;<\/p>\n<h3>AKKS Bergen tilbyr kurs med profesjonelle instrukt\u00f8rer fra Bergens musikkliv. P\u00e5 v\u00e5re kurs er det fokus p\u00e5 mestringsf\u00f8lelse og spilleglede.<\/h3>\n<p>&nbsp;<\/p>\n<\/div>\n<h3>Har ikke p\u00e5meldingen \u00e5pnet enda? Skriv deg p\u00e5 v\u00e5r <a href=\"https:\/\/forms.gle\/g5To5hesWv9RQT2F7\">interesseliste<\/a>, s\u00e5 tar vi kontakt s\u00e5 snart kursp\u00e5meldingen \u00e5pner.<\/h3>\n","protected":false},"excerpt":{"rendered":"<p>Har du lyst \u00e5 pr\u00f8ve \u00e5 spille et instrument? Bli med p\u00e5 neste kursrunde! &nbsp; AKKS Bergen tilbyr kurs med profesjonelle instrukt\u00f8rer fra Bergens musikkliv. P\u00e5 v\u00e5re kurs er det fokus p\u00e5 mestringsf\u00f8lelse og spilleglede. &nbsp; Har ikke p\u00e5meldingen \u00e5pnet enda? Skriv deg p\u00e5 v\u00e5r interesseliste, s\u00e5 tar vi kontakt s\u00e5 snart kursp\u00e5meldingen \u00e5pner.<\/p>\n","protected":false},"author":1,"featured_media":7972,"parent":0,"menu_order":0,"comment_status":"closed","ping_status":"closed","template":"","meta":[],"_links":{"self":[{"href":"https:\/\/akks.no\/bergen\/wp-json\/wp\/v2\/pages\/35"}],"collection":[{"href":"https:\/\/akks.no\/bergen\/wp-json\/wp\/v2\/pages"}],"about":[{"href":"https:\/\/akks.no\/bergen\/wp-json\/wp\/v2\/types\/page"}],"author":[{"embeddable":true,"href":"https:\/\/akks.no\/bergen\/wp-json\/wp\/v2\/users\/1"}],"replies":[{"embeddable":true,"href":"https:\/\/akks.no\/bergen\/wp-json\/wp\/v2\/comments?post=35"}],"version-history":[{"count":64,"href":"https:\/\/akks.no\/bergen\/wp-json\/wp\/v2\/pages\/35\/revisions"}],"predecessor-version":[{"id":8855,"href":"https:\/\/akks.no\/bergen\/wp-json\/wp\/v2\/pages\/35\/revisions\/8855"}],"wp:featuredmedia":[{"embeddable":true,"href":"https:\/\/akks.no\/bergen\/wp-json\/wp\/v2\/media\/7972"}],"wp:attachment":[{"href":"https:\/\/akks.no\/bergen\/wp-json\/wp\/v2\/media?parent=35"}],"curies":[{"name":"wp","href":"https:\/\/api.w.org\/{rel}","templated":true}]}}