{"id":1956,"date":"2020-07-30T13:06:13","date_gmt":"2020-07-30T11:06:13","guid":{"rendered":"http:\/\/akks.no\/bergen\/?page_id=1956"},"modified":"2025-11-28T15:16:30","modified_gmt":"2025-11-28T14:16:30","slug":"presse","status":"publish","type":"page","link":"https:\/\/akks.no\/bergen\/presse\/","title":{"rendered":"Presse og nyhetssaker"},"content":{"rendered":"<p><strong>Her finner du presseklipp fra AKKS Bergen i media, sist oppdater 28.11.25<\/strong><\/p>\n<p>BA, 28.11.2025: GRIP: <a href=\"https:\/\/www.ba.no\/grip-har-gitt-bergen-250-nye-lydteknikere-eva-rowson-hos-bergen-kjott-sier-at-de-har-klart-a-flippe-statistikken\/s\/5-8-3235624\">Pricilla stakk bare innom for moro skyld. Det endret livet hele hennes.\u00a0<\/a><\/p>\n<p>BT, 18.11.2025: &#8211; <a href=\"https:\/\/www.bt.no\/kultur\/i\/wgyBpL\/embla-karidotter-skal-toppe-festivalen-i-bergen-tar-et-oppgjoer-med-diskriminering\">Herregud, hvor mye har du ligget rundt, egentlig?\u00a0<\/a><\/p>\n<p>VOFO, 08.10.2025: <a href=\"https:\/\/www.vofo.no\/aktuelt\/vi-dytter-folk-i-riktig-retning\">&#8211; Vi dytter folk i riktig retning. AKKS Bergen er et \u00f8kosystem innen musikk.\u00a0<\/a><\/p>\n<p>GAFFA, 27.05.2025: <a href=\"https:\/\/gaffa.no\/nyheter\/2025\/mai\/eggstockfestivalen-er-arets-festival-2024\/\">Eggstockfestivalen er \u00e5rets festival 2024<\/a><\/p>\n<p>Ballade, 26.05.2025: <a href=\"https:\/\/www.ballade.no\/priser-og-tildelinger\/eggstockfestivalen-karet-til-arets-festival-2024\/\">Eggstockfestivalen k\u00e5ret til \u00e5rets festival i 2024<\/a><\/p>\n<p>NRK, 26.05.2025: <a href=\"https:\/\/www.nrk.no\/nyheter\/kara-til-beste-festival-1.17432887\">K\u00e5ra til beste festival.<\/a><\/p>\n<p>Norske kulturarrang\u00f8rer, arrangor.no, 26.05.2025: <a href=\"https:\/\/www.arrangor.no\/nyhetsarkiv\/2025\/eggstockfestivalen-kaaret-til-%C3%A5rets-festival\/\">Eggstockfestivalen k\u00e5ret til \u00e5rets festival.<\/a><\/p>\n<p>BT, 08.05.2025: <a href=\"https:\/\/www.bt.no\/kultur\/i\/pPeK7o\/kulturministeren-oeker-potten-gir-ekstra-penger-til-musikkutstyr-og-kulturbygg\">\u00d8ker potten med flere titalls millioner. &#8211; Helt n\u00f8dvendige penger<\/a><\/p>\n<p>Bergensavisen (BA), 26.02.2025: <a href=\"https:\/\/www.ba.no\/eggstockfestivalen-sto-i-fare-ble-reddet-av-bergenfest\/s\/5-8-2928639\">Eggstockfestivalen reddet av Bergenfest<\/a><\/p>\n<p>Bergensavisen (BA), 17.12.2024: <a href=\"https:\/\/www.ba.no\/stiller-seg-utenfor-det-gamle-radhuset-i-protest\/s\/5-8-2853984\">Det er sm\u00e5penger i budsjettet, men helt avgj\u00f8rende for oss<\/a><\/p>\n<p>Bergenavisen (BA), 13.12.2024: <a href=\"https:\/\/www.ba.no\/artister-raser-etter-kuttforslag-forferdelig\/s\/5-8-2850311\">Artister raser etter kuttforslag: &#8211; Forferdelig<\/a><\/p>\n<p>Bergens Tidende (BT) 11.12.2024: <a href=\"https:\/\/www.bt.no\/kultur\/i\/KMlw3M\/bybudsjettet-i-bergen-bergenfest-mister-all-driftsstoette-men-opera-bergen-kan-juble\">Bybudsjettet i Bergen: Bergenfest mister all driftst\u00f8tten. Opera Bergen kan juble.\u00a0<\/a><\/p>\n<p>Bergen kommune, 29.11.2024: <a href=\"https:\/\/www.bergen.kommune.no\/hvaskjer\/helse-omsorg-og-inkludering\/grip-ved-bergen-kjott-er-tildelt-likestillingsog-mangfoldsprisen-2024\">GRIP ved Bergen kj\u00f8tt tildelt likestillings- og mangfoldspris.\u00a0<\/a><\/p>\n<p>Bergensavisen (BA), 25. februar 2024: <a href=\"https:\/\/www.ba.no\/andrea-vil-ha-flere-kvinner-til-musikkbransjen\/s\/5-8-2529175\">Vil ha flere kvinner i musikkbransjen<\/a><\/p>\n<p>NRK, 28. april 2023: <a href=\"https:\/\/www.nrk.no\/vestland\/hogre-vil-flytta-bransjeorganisasjonen-music-norway-fra-oslo-til-bergen-1.16391274\">Vil flytta Music Norway fr\u00e5 Oslo til Bergen<\/a><\/p>\n<p>Braksnakk (podkast), 27. april 2023: <a href=\"https:\/\/www.musikkontoret.no\/brak\/prosjekter\/braksnakk\">Backing med Caja Magnussen, Michelle Ullestad, Markella Assimakis og Emma Putnam<\/a><\/p>\n<p>Musikkontoret 31. januar 2023: <a href=\"https:\/\/www.musikkontoret.no\/artikler\/vil-inspirere-til-endring-i-bransjen\">Vil inspirere til endring i bransjen<\/a><\/p>\n<p>Bergensavisen 10. august 2022: <a href=\"https:\/\/www.ba.no\/irene-hadde-aldri-sett-en-kvinnelig-lydtekniker-da-hun-selv-begynte-i-bransjen\/s\/5-8-1960087\">Irene hadde aldri sett en kvinnelig lydtekniker da hun selv begynte i bransjen<\/a><\/p>\n<p>Klassekampen 16. juli 2022: <a href=\"https:\/\/klassekampen.no\/utgave\/2022-07-16\/savner-kvinner-i-kulissene\">Savner kvinner i kulissene<\/a><\/p>\n<p>Ballade 29. juni 2022: <a href=\"https:\/\/www.ballade.no\/bransjen\/162273\/\">N\u00e5r det antas at rollen din er \u00e5 lage kaffe, men du er ansvarlig for lydproduksjonen<\/a><\/p>\n<p>Bergensavisen 4. juni 2022: <a href=\"https:\/\/www.ba.no\/sebastian-14-ble-bergtatt-av-musikken-som-attearing-na-er-han-den-yngste-pa-scenen\/s\/5-8-1916070?fbclid=IwAR1g4bZ1BgLFycgNvQxzD4nLzjGmF_QElEC6y8xgoV3MIs4a328INkXTL6o\">Sebastian (14) ble bergtatt av musikken som \u00e5tte\u00e5ring. N\u00e5 er han den yngste p\u00e5 scenen<\/a><\/p>\n<p>Ballade 2. mai 2022: <a href=\"https:\/\/www.ballade.no\/bransjen\/akks-40-ar-eksempelets-makt-var-ikke-nok\">AKKS 40 \u00e5r: \u2013 Eksempelets makt var ikke nok<\/a><\/p>\n<p>Musikklivet, NRK P2 29. januar 2022: <a href=\"https:\/\/radio.nrk.no\/serie\/musikklivet\/sesong\/202201\/MKMU75000522\">Jenter bak spakene, Heilo og afrobeats<\/a><\/p>\n<p>Bergens Tidende 15. januar 2022: <a href=\"https:\/\/www.bt.no\/kultur\/i\/Ea5AoP\/adele-23-gaar-paa-kurs-for-aa-gjoere-lydbransjen-mindre-mannsdominert?utm_medium=Social&amp;utm_source=Facebook&amp;fbclid=IwAR0qlbxOmEbxmVIKZ4eHqtOf3EWSgJ_z6bSC-XRUcrYaG_K_bPf9vOd6CaI#Echobox=1642350618\">Adele (23) g\u00e5r p\u00e5 kurs for \u00e5 gj\u00f8re lydbransjen mindre mannsdominert<\/a><\/p>\n<p>Bergensavisen 3. januar 2022: <a href=\"https:\/\/www.ba.no\/simon-alejandro-jeg-prover-a-skape-et-rom-der-andre-kan-skape-det-de-vil\/s\/5-8-1778563\">Simon Alejandro: \u2013 Jeg pr\u00f8ver \u00e5 skape et rom der andre kan skape det de vil<\/a><\/p>\n<p>Bergensavisen 18. oktober 2021: <a href=\"https:\/\/www.ba.no\/bandleir-pa-verftet-her-gar-det-helt-fint-a-dumme-seg-ut\/s\/5-8-1719901\">Bandleir p\u00e5 USF Verftet: \u2013 Her g\u00e5r det helt fint \u00e5 dumme seg ut<\/a><\/p>\n<p>Braksnakk (podkast) 6. mai 2021: <a href=\"https:\/\/www.brak.no\/podkast-hvordan-komme-seg-inn-i-musikkbransjen\/?fbclid=IwAR2HQe9-YMNuzT8Jc-XEdzVrSi85YAbg8zaqq_ab0-eOngNEB2rTsqqqsl0\">Hvordan komme seg inn i musikkbransjen<\/a><\/p>\n<p>Studvest 15. april 2021: <a href=\"https:\/\/www.studvest.no\/pa-jazzlinja-er-ni-av-ti-instrumentalister-menn\/\">P\u00e5 jazzlinja er ni av ti instrumentalister menn<\/a><\/p>\n<p>Bergens Tidende 7. april 2021: <a href=\"https:\/\/www.bt.no\/kultur\/i\/VqvAql\/blir-det-konserter-og-festivaler-i-sommer-dette-sier-arrangoerer-etter\">Blir det konserter og festivaler i sommer? Dette sier arrang\u00f8rer etter Erna Solbergs tale.<\/a><\/p>\n<p>Periskop 17. november 2020: <a href=\"http:\/\/www.periskop.no\/bandleiren-loud-fra-amator-til-konsertutovar-pa-fem-dagar\/?fbclid=IwAR1iidXpCUvrL5igN3nJV6MQYHVV42W7x8Rg-GLtAKdjl4q0vqSMp-tGXU4\">Bandleiren LOUD!: Fr\u00e5 amat\u00f8r til konsertut\u00f8var p\u00e5 fem dagar<\/a><\/p>\n<p>Periskop 24. mars 2020: <a href=\"http:\/\/www.periskop.no\/borealis-festivalen-fekk-booka-artistar-dei-knapt-kunne-droyme-om\/\">&laquo;Fekk booka artistar dei knapt kunne dr\u00f8yme om&raquo;<\/a><\/p>\n<p>Norge Rundt p\u00e5 NRK 13. mars 2020: <a href=\"https:\/\/tv.nrk.no\/serie\/norge-rundt\/2020\/DVNR04001120\">&laquo;DJ-kurs&raquo;<\/a><\/p>\n<p>Bergens Tidende 22. februar 2020: <a href=\"https:\/\/www.bt.no\/kultur\/i\/4qg2mE\/flere-av-norges-stoerste-internasjonale-artister-er-fra-bergen-naa-vil\">&laquo;Flere av Norges st\u00f8rste internasjonale artister er fra Bergen. N\u00e5 vil lokal musikkbransje ha et eget kontor for musikkeksport i byen.&raquo;<\/a><\/p>\n<p>Musikkultur 12. november 2019: <a href=\"https:\/\/musikkultur.no\/nyheter\/arrangorspirene-som-vil-forandre-verden-6.54.658111.32c86d2542\">&laquo;Arrang\u00f8rspirene som vil forandre verden&raquo;<\/a><\/p>\n<p>Barn i Byen utgave nr. 85\/2019: <a href=\"http:\/\/barnibyen.no\/bergen\/aktuelt\/november-til-januar-2020\/skrur-opp-volumet\/\">&laquo;Skrur opp volumet&raquo;<\/a><\/p>\n<p>Bergensmagasinet 27. september 2019: <a href=\"https:\/\/bergensmagasinet.no\/aktuelt\/et-rosa-rockeverksted\/\">&laquo;Et rosa rockeverksted&raquo;<\/a><\/p>\n<p>Bergensavisen 2019: <a href=\"http:\/\/akks.no\/bergen\/files\/2020\/07\/Bergensavisen-2019.pdf\">&laquo;\u2013Vi m\u00e5tte snakke med ungdommen&raquo;<\/a><\/p>\n<p>Bergensmagasinet 12. mai 2019: <a href=\"https:\/\/bergensmagasinet.no\/aktuelt\/klar-for-ny-folkefest-i-sjofartsbyen\/\">&laquo;Klar for ny folkefest i sj\u00f8fartsbyen&raquo;<\/a><\/p>\n<p>Studvest 4. april 2019: <a href=\"http:\/\/akks.no\/bergen\/files\/2020\/07\/Studvest-4.-april-2019.pdf\">&laquo;Stor skjevhet i kj\u00f8nnsbalansen blant artistene som spiller p\u00e5 Kvarteret&raquo;<\/a><\/p>\n<p>Bergens Tidende 7. mars 2019: <a href=\"http:\/\/akks.no\/bergen\/files\/2020\/07\/Bergens-Tidende-7.-mars-2019.pdf\">&laquo;Verken Bergenfest eller Nattjazz vil love kj\u00f8nnsbalanse&raquo;<\/a><\/p>\n","protected":false},"excerpt":{"rendered":"<p>Her finner du presseklipp fra AKKS Bergen i media, sist oppdater 28.11.25 BA, 28.11.2025: GRIP: Pricilla stakk bare innom for moro skyld. Det endret livet hele hennes.\u00a0 BT, 18.11.2025: &#8211; Herregud, hvor mye har du ligget rundt, egentlig?\u00a0 VOFO, 08.10.2025: &#8211; Vi dytter folk i riktig retning. AKKS Bergen er et \u00f8kosystem innen musikk.\u00a0 GAFFA, [&hellip;]<\/p>\n","protected":false},"author":5,"featured_media":0,"parent":0,"menu_order":0,"comment_status":"closed","ping_status":"closed","template":"","meta":[],"_links":{"self":[{"href":"https:\/\/akks.no\/bergen\/wp-json\/wp\/v2\/pages\/1956"}],"collection":[{"href":"https:\/\/akks.no\/bergen\/wp-json\/wp\/v2\/pages"}],"about":[{"href":"https:\/\/akks.no\/bergen\/wp-json\/wp\/v2\/types\/page"}],"author":[{"embeddable":true,"href":"https:\/\/akks.no\/bergen\/wp-json\/wp\/v2\/users\/5"}],"replies":[{"embeddable":true,"href":"https:\/\/akks.no\/bergen\/wp-json\/wp\/v2\/comments?post=1956"}],"version-history":[{"count":35,"href":"https:\/\/akks.no\/bergen\/wp-json\/wp\/v2\/pages\/1956\/revisions"}],"predecessor-version":[{"id":8547,"href":"https:\/\/akks.no\/bergen\/wp-json\/wp\/v2\/pages\/1956\/revisions\/8547"}],"wp:attachment":[{"href":"https:\/\/akks.no\/bergen\/wp-json\/wp\/v2\/media?parent=1956"}],"curies":[{"name":"wp","href":"https:\/\/api.w.org\/{rel}","templated":true}]}}