{"id":1951,"date":"2020-07-30T12:02:50","date_gmt":"2020-07-30T10:02:50","guid":{"rendered":"http:\/\/akks.no\/bergen\/?page_id=1951"},"modified":"2025-03-13T12:10:14","modified_gmt":"2025-03-13T11:10:14","slug":"jobb-i-akks-bergen","status":"publish","type":"page","link":"https:\/\/akks.no\/bergen\/jobb-i-akks-bergen\/","title":{"rendered":"Jobb i AKKS Bergen"},"content":{"rendered":"<p>Vi har for tiden ingen ledige stillinger i administrasjonen.<\/p>\n<p>Alle v\u00e5re stillinger i administrasjonen blir lyst ut offentlig og annonseres her p\u00e5 v\u00e5re nettsider. Vi har dessverre ikke anledning til \u00e5 ta imot eller svar p\u00e5 \u00e5pne s\u00f8knader og CVer.<\/p>\n<p>\u00d8nsker du \u00e5 v\u00e6re praktikant, jobbe som kursinstrukt\u00f8r eller vil samarbeide med oss p\u00e5 andre m\u00e5ter? Ta kontakt p\u00e5 <a href=\"mailto:bergen@akks.no\">bergen@akks.no<\/a> eller tlf. 55 55 75 55.<\/p>\n","protected":false},"excerpt":{"rendered":"<p>Vi har for tiden ingen ledige stillinger i administrasjonen. Alle v\u00e5re stillinger i administrasjonen blir lyst ut offentlig og annonseres her p\u00e5 v\u00e5re nettsider. Vi har dessverre ikke anledning til \u00e5 ta imot eller svar p\u00e5 \u00e5pne s\u00f8knader og CVer. \u00d8nsker du \u00e5 v\u00e6re praktikant, jobbe som kursinstrukt\u00f8r eller vil samarbeide med oss p\u00e5 andre [&hellip;]<\/p>\n","protected":false},"author":5,"featured_media":0,"parent":0,"menu_order":0,"comment_status":"closed","ping_status":"closed","template":"","meta":[],"_links":{"self":[{"href":"https:\/\/akks.no\/bergen\/wp-json\/wp\/v2\/pages\/1951"}],"collection":[{"href":"https:\/\/akks.no\/bergen\/wp-json\/wp\/v2\/pages"}],"about":[{"href":"https:\/\/akks.no\/bergen\/wp-json\/wp\/v2\/types\/page"}],"author":[{"embeddable":true,"href":"https:\/\/akks.no\/bergen\/wp-json\/wp\/v2\/users\/5"}],"replies":[{"embeddable":true,"href":"https:\/\/akks.no\/bergen\/wp-json\/wp\/v2\/comments?post=1951"}],"version-history":[{"count":16,"href":"https:\/\/akks.no\/bergen\/wp-json\/wp\/v2\/pages\/1951\/revisions"}],"predecessor-version":[{"id":8083,"href":"https:\/\/akks.no\/bergen\/wp-json\/wp\/v2\/pages\/1951\/revisions\/8083"}],"wp:attachment":[{"href":"https:\/\/akks.no\/bergen\/wp-json\/wp\/v2\/media?parent=1951"}],"curies":[{"name":"wp","href":"https:\/\/api.w.org\/{rel}","templated":true}]}}