{"id":173,"date":"2018-09-26T10:35:47","date_gmt":"2018-09-26T08:35:47","guid":{"rendered":"http:\/\/akks-no.staging.wordpress.idium.no\/bergen\/?page_id=173"},"modified":"2025-02-13T14:46:13","modified_gmt":"2025-02-13T13:46:13","slug":"uflakks","status":"publish","type":"page","link":"https:\/\/akks.no\/bergen\/konserter\/uflakks\/","title":{"rendered":"UFLAKKS"},"content":{"rendered":"<div class=\"layoutArea\" style=\"text-align: left;\">\n<p>UFLAKKS er en konsertserie av og for ungdommer i alderen 14-20 \u00e5r, som aktivt leter etter ny, spennende musikk og arrangerer rusfrie konserter med fri aldersgrense.<\/p>\n<p>M\u00e5let med UFLAKKS er \u00e5 l\u00e6re ungdom hvordan man arrangerer konserter, \u00f8ke konserttilbudet i Bergen for ungdom og l\u00f8fte fram unge og lovende lokale band.<\/p>\n<h3><strong>Historikk<\/strong><\/h3>\n<p>UFLAKKS ble dannet i 2013 etter en innspillskonferanse i regi av Norske Kulturarrang\u00f8rer (NKA) og Musikkontoret Brak, der en gjeng ungdommer ytret \u00f8nske om a\u030a bedre konserttilbudet for ungdom, samt at de \u00f8nsket a\u030a l\u00e6re hvordan man arrangerer konserter selv. AKKS Bergen tok \u00f8nsket pa\u030a alvor og inviterte ungdommene med i planleggingsfasen av det som skulle utvikle seg til a\u030a bli UFLAKKS. I dag ser vi at prosjektet har fa\u030att fotfeste i blant annet Stavanger og Trondheim. Antall ungdomsarrang\u00f8rer og kulturopplevelser for unge har \u00f8kt betraktelig, og viser hvor viktig det er a\u030a ta ungdom pa\u030a alvor.<\/p>\n<\/div>\n<p>Gjennom UFLAKKS l\u00e6rer ungdommen om planlegging, booking, kommunikasjon, produksjon og avvikling av konserter p\u00e5 forskjellige venues med et vidt spekter av musikksjangre. Alle konsertene har fri alder slik at ungdom under 18 \u00e5r f\u00e5r muligheten til \u00e5 f\u00e5 med seg kule konserter som ellers bare er tilgjengelig for folk over 18.<\/p>\n<div class=\"layoutArea\" style=\"text-align: left;\">\n<p>Vil du ogs\u00e5 arrangere konserter og bli med i UFLAKKS? Eller \u00f8nsker du \u00e5 spille p\u00e5 en UFLAKKS-konsert?<br \/>\nTa kontakt med oss p\u00e5 <a href=\"mailto:bergen@uflakks.no\">bergen@uflakks.no<\/a>, og f\u00f8lg oss p\u00e5\u00a0<a href=\"https:\/\/www.facebook.com\/UFLAKKSBergen\/\">Facebook<\/a> og <a href=\"https:\/\/instagram.com\/uflakksbergen\/\">Instagram<\/a> for oppdateringer om konserter.<br \/>\nSjekk ogs\u00e5 ut <a href=\"http:\/\/uflakks.no\">uflakks.no<\/a>\u00a0\ud83d\ude09<\/p>\n<div class=\"page\" title=\"Page 6\">\n<div class=\"section\">\n<div class=\"layoutArea\">\n<div class=\"column\">\n<p><strong>Lurer du p\u00e5 hvilke artister som har spilt UFLAKKS-konserter i l\u00f8pet av \u00e5rene? <\/strong><\/p>\n<p><strong>Se liste over <a href=\"https:\/\/akks.no\/bergen\/uflakks-konsertarkiv\/\">alle v\u00e5re tidligere konserter<\/a>!<\/strong><\/p>\n<\/div>\n<\/div>\n<\/div>\n<\/div>\n<\/div>\n<p><img loading=\"lazy\" class=\"wp-image-3607 size-large aligncenter\" src=\"http:\/\/akks.no\/bergen\/files\/2021\/10\/Kristoffer_Oen-Safario-DEF_1040-print-1024x684.jpeg\" alt=\"\" width=\"1024\" height=\"684\" srcset=\"https:\/\/akks.no\/bergen\/files\/2021\/10\/Kristoffer_Oen-Safario-DEF_1040-print-1024x684.jpeg 1024w, https:\/\/akks.no\/bergen\/files\/2021\/10\/Kristoffer_Oen-Safario-DEF_1040-print-300x200.jpeg 300w, https:\/\/akks.no\/bergen\/files\/2021\/10\/Kristoffer_Oen-Safario-DEF_1040-print-768x513.jpeg 768w, https:\/\/akks.no\/bergen\/files\/2021\/10\/Kristoffer_Oen-Safario-DEF_1040-print-1536x1025.jpeg 1536w, https:\/\/akks.no\/bergen\/files\/2021\/10\/Kristoffer_Oen-Safario-DEF_1040-print-2048x1367.jpeg 2048w, https:\/\/akks.no\/bergen\/files\/2021\/10\/Kristoffer_Oen-Safario-DEF_1040-print-720x480.jpeg 720w, https:\/\/akks.no\/bergen\/files\/2021\/10\/Kristoffer_Oen-Safario-DEF_1040-print-600x401.jpeg 600w\" sizes=\"(max-width: 1024px) 100vw, 1024px\" \/><\/p>\n<p><em>Safario p\u00e5 Kvarteret (2021) Foto: Ingvild H\u00e6gh<\/em><\/p>\n<div class=\"page\" title=\"Page 6\">\n<div class=\"section\">\n<p><img loading=\"lazy\" class=\"size-large wp-image-6419 aligncenter\" src=\"http:\/\/akks.no\/bergen\/files\/2023\/07\/3X3A7476-1024x683.jpg\" alt=\"\" width=\"1024\" height=\"683\" srcset=\"https:\/\/akks.no\/bergen\/files\/2023\/07\/3X3A7476-1024x683.jpg 1024w, https:\/\/akks.no\/bergen\/files\/2023\/07\/3X3A7476-300x200.jpg 300w, https:\/\/akks.no\/bergen\/files\/2023\/07\/3X3A7476-768x512.jpg 768w, https:\/\/akks.no\/bergen\/files\/2023\/07\/3X3A7476-1536x1024.jpg 1536w, https:\/\/akks.no\/bergen\/files\/2023\/07\/3X3A7476-2048x1365.jpg 2048w, https:\/\/akks.no\/bergen\/files\/2023\/07\/3X3A7476-720x480.jpg 720w, https:\/\/akks.no\/bergen\/files\/2023\/07\/3X3A7476-600x400.jpg 600w\" sizes=\"(max-width: 1024px) 100vw, 1024px\" \/><\/p>\n<p><em>9 grader nord p\u00e5 \u00d8stre (2022) Foto: Ingvild H\u00e6gh<\/em><\/p>\n<p><img loading=\"lazy\" class=\"size-large wp-image-6418 aligncenter\" src=\"http:\/\/akks.no\/bergen\/files\/2023\/07\/3X3A5860-1024x683.jpg\" alt=\"\" width=\"1024\" height=\"683\" srcset=\"https:\/\/akks.no\/bergen\/files\/2023\/07\/3X3A5860-1024x683.jpg 1024w, https:\/\/akks.no\/bergen\/files\/2023\/07\/3X3A5860-300x200.jpg 300w, https:\/\/akks.no\/bergen\/files\/2023\/07\/3X3A5860-768x512.jpg 768w, https:\/\/akks.no\/bergen\/files\/2023\/07\/3X3A5860-1536x1024.jpg 1536w, https:\/\/akks.no\/bergen\/files\/2023\/07\/3X3A5860-2048x1365.jpg 2048w, https:\/\/akks.no\/bergen\/files\/2023\/07\/3X3A5860-720x480.jpg 720w, https:\/\/akks.no\/bergen\/files\/2023\/07\/3X3A5860-600x400.jpg 600w\" sizes=\"(max-width: 1024px) 100vw, 1024px\" \/><\/p>\n<p><em>UFLAKKS p\u00e5 konsert med Finding Neo p\u00e5 Hulen (2022) Foto: Ingvild H\u00e6gh<\/em><\/p>\n<\/div>\n<\/div>\n<hr \/>\n<p><em><span class=\"s1\">Vi vil at arrangementene v\u00e5re skal v\u00e6re tilgjengelige for alle. Ledsager g\u00e5r derfor gratis p\u00e5 alle v\u00e5re arrangement ved fremvisning av gyldig ledsagerbevis utstedt av kommunen. Ved forh\u00e5ndsbestilling av billetter eller andre sp\u00f8rsm\u00e5l, ta kontakt med oss p\u00e5 <a href=\"mailto:bergen@uflakks.no\">bergen@uflakks.no<\/a> eller tlf. 55 55 75 55.<\/span><\/em><\/p>\n<hr \/>\n<p><em>Forsidebilde: Hudkreft, Hulen 2024. Foto: Ingvild H\u00e6gh<\/em><\/p>\n","protected":false},"excerpt":{"rendered":"<p>UFLAKKS er en arrang\u00f8rgruppe som arrangerer konserter for ungdom \u2013 av ungdom.<\/p>\n","protected":false},"author":5,"featured_media":8026,"parent":37,"menu_order":0,"comment_status":"closed","ping_status":"closed","template":"","meta":[],"_links":{"self":[{"href":"https:\/\/akks.no\/bergen\/wp-json\/wp\/v2\/pages\/173"}],"collection":[{"href":"https:\/\/akks.no\/bergen\/wp-json\/wp\/v2\/pages"}],"about":[{"href":"https:\/\/akks.no\/bergen\/wp-json\/wp\/v2\/types\/page"}],"author":[{"embeddable":true,"href":"https:\/\/akks.no\/bergen\/wp-json\/wp\/v2\/users\/5"}],"replies":[{"embeddable":true,"href":"https:\/\/akks.no\/bergen\/wp-json\/wp\/v2\/comments?post=173"}],"version-history":[{"count":31,"href":"https:\/\/akks.no\/bergen\/wp-json\/wp\/v2\/pages\/173\/revisions"}],"predecessor-version":[{"id":8032,"href":"https:\/\/akks.no\/bergen\/wp-json\/wp\/v2\/pages\/173\/revisions\/8032"}],"up":[{"embeddable":true,"href":"https:\/\/akks.no\/bergen\/wp-json\/wp\/v2\/pages\/37"}],"wp:featuredmedia":[{"embeddable":true,"href":"https:\/\/akks.no\/bergen\/wp-json\/wp\/v2\/media\/8026"}],"wp:attachment":[{"href":"https:\/\/akks.no\/bergen\/wp-json\/wp\/v2\/media?parent=173"}],"curies":[{"name":"wp","href":"https:\/\/api.w.org\/{rel}","templated":true}]}}