{"id":1605,"date":"2020-04-07T11:24:53","date_gmt":"2020-04-07T09:24:53","guid":{"rendered":"http:\/\/akks.no\/bergen\/?page_id=1605"},"modified":"2023-11-01T13:23:27","modified_gmt":"2023-11-01T12:23:27","slug":"uflakks-konsertarkiv","status":"publish","type":"page","link":"https:\/\/akks.no\/bergen\/uflakks-konsertarkiv\/","title":{"rendered":"UFLAKKS &#8211; Konsertarkiv"},"content":{"rendered":"<h3><del><img loading=\"lazy\" class=\"wp-image-3606 size-large\" src=\"http:\/\/akks.no\/bergen\/files\/2021\/10\/Kristoffer_Oen-Safario-DEF_0838-print-1024x640.jpeg\" alt=\"\" width=\"1024\" height=\"640\" srcset=\"https:\/\/akks.no\/bergen\/files\/2021\/10\/Kristoffer_Oen-Safario-DEF_0838-print-1024x640.jpeg 1024w, https:\/\/akks.no\/bergen\/files\/2021\/10\/Kristoffer_Oen-Safario-DEF_0838-print-300x188.jpeg 300w, https:\/\/akks.no\/bergen\/files\/2021\/10\/Kristoffer_Oen-Safario-DEF_0838-print-768x480.jpeg 768w, https:\/\/akks.no\/bergen\/files\/2021\/10\/Kristoffer_Oen-Safario-DEF_0838-print-1536x960.jpeg 1536w, https:\/\/akks.no\/bergen\/files\/2021\/10\/Kristoffer_Oen-Safario-DEF_0838-print-2048x1280.jpeg 2048w, https:\/\/akks.no\/bergen\/files\/2021\/10\/Kristoffer_Oen-Safario-DEF_0838-print-600x375.jpeg 600w\" sizes=\"(max-width: 1024px) 100vw, 1024px\" \/><\/del><\/h3>\n<p><em><span style=\"font-size: 16px;\">Safario p\u00e5 Kvarteret (2021). Foto: Kristoffer \u00d8en<\/span><\/em><\/p>\n<hr \/>\n<h3><strong>2023:<\/strong><\/h3>\n<p>Slomosa + Nix &amp; The Nothings p\u00e5 Landmark<\/p>\n<p>UFLAKKS Klubb: DJ Bj\u00f8rn Torske + Maddemoiselle p\u00e5 \u00d8stre<\/p>\n<p>Yellowroots p\u00e5 Feriekolonien p\u00e5 USF Verftet<\/p>\n<p>Utflod + Uten Samtykke + Sklitakling p\u00e5 Hulen<\/p>\n<p>Pikekyss p\u00e5 Kvarteret (04.11)<\/p>\n<h3><strong>2022:<\/strong><\/h3>\n<p>Finding Neo + CAJA p\u00e5 Hulen<\/p>\n<p>FestiHVAL: Undergrunn, Gabifuego og Lekende Lett + DJ Razmatazz p\u00e5 Kulturhuset i Bergen<\/p>\n<p>Linni + Lutra Lutra p\u00e5 Feriekolonien, USF Verftet<\/p>\n<p>Vill Vill Vest: Vepsestikk + D\u00f8ssi + CAJA p\u00e5 Kvarteret<\/p>\n<p>Honningbarna p\u00e5 Kvarteret<\/p>\n<p>T\u00f8fl p\u00e5 USF Verftet<\/p>\n<p>9 grader nord + Godlynt p\u00e5 \u00d8stre<\/p>\n<h3><strong>2021:<\/strong><\/h3>\n<p>Safario + Lillemy og Einar p\u00e5 Kvarteret<\/p>\n<h3><strong>2020:<\/strong><\/h3>\n<p>jez_ebel + Derin p\u00e5 Feriekolonien, USF Verftet<\/p>\n<p>Revers + Himinn + Vepsestikk p\u00e5 \u00c5sane Kulturhus<\/p>\n<h3><strong>2019:<\/strong><\/h3>\n<p>fucales, Jonas, This Agreement p\u00e5 Hauk\u00e5s Rockeakademi<\/p>\n<p>Sol\u00e5 + Amalie Holt Kleive p\u00e5 USF Verftet<\/p>\n<p>Gearld Ofori p\u00e5 \u00d8stre<\/p>\n<p>Vill Vill Vest: Hedda Mae, Alva Ravn og Isak Shorty p\u00e5 Kvarteret<\/p>\n<p>brenn. p\u00e5 Underlig<\/p>\n<p>iris + Fonella Lorch p\u00e5 \u00d8stre<\/p>\n<h3><strong>2018:<\/strong><\/h3>\n<p>Sl\u00f8tface + Saurapod p\u00e5 Kvarteret<\/p>\n<p>Softcore Untd + Derin p\u00e5 \u00d8stre<\/p>\n<p>Vill Vill Vest: jez_ebel, Happydieyoung, Finding Neo p\u00e5 \u00d8stre<\/p>\n<p>Lekende Lett + Mato Polo p\u00e5 \u00d8stre<\/p>\n<h3><strong>2017:<\/strong><\/h3>\n<p>Verdensrommet + boypablo p\u00e5 Kvarteret<\/p>\n<p>Hvitmalt Gjerde + T\u00d8FL p\u00e5 \u00d8stre<\/p>\n<p>Hester V75 p\u00e5 \u00d8stre<\/p>\n<p>Vill Vill Vest: Jonas Hibiki, L.U.N.A og Jimi Somewhere p\u00e5 \u00d8stre<\/p>\n<h3><strong>2016:<\/strong><\/h3>\n<p>Silja Sol + Shakanaka p\u00e5 Kvarteret<\/p>\n<p>Yoguttene + 7 andre p\u00e5 \u00c5dnahall<\/p>\n<p>A-Laget + Arian + D\u00e5rlig Vane p\u00e5 \u00d8stre<\/p>\n<p>Vill Vill Vest: boypablo, Kjartan Lauritzen, Fieh p\u00e5 \u00d8stre<\/p>\n<p>Cezinando + MachoMayne p\u00e5 \u00d8stre<\/p>\n<h3><strong>2015:<\/strong><\/h3>\n<p>Jonas Alaska + Soft Inc p\u00e5 Atten\u00e5tti<\/p>\n<p>Sondre Lerche + HAGE p\u00e5 Atten\u00e5tti<\/p>\n<p>Slutface + Steinbeaten p\u00e5 Atten\u00e5tti<\/p>\n<p>Izabell + Sophie Kr\u00fcger + Alaien p\u00e5 Atten\u00e5tti<\/p>\n<h3><strong>2014:<\/strong><\/h3>\n<p>Funky Penguins + The Well p\u00e5 Atten\u00e5tti<\/p>\n<p>L\u00ednt + Green Sky Accident p\u00e5 Atten\u00e5tti<\/p>\n<p>Yoguttene p\u00e5 Atten\u00e5tti<\/p>\n<p>Maylen Rusti + Violet Hill p\u00e5 Atten\u00e5tti<\/p>\n<p>Store P p\u00e5 Atten\u00e5tti<\/p>\n<p>Kakkmaddafakka + Silja Sol p\u00e5 Kvarteret<\/p>\n<p><img loading=\"lazy\" class=\"wp-image-3600 size-large\" src=\"http:\/\/akks.no\/bergen\/files\/2021\/10\/Kristoffer_Oen-Lillemy-D3F_6838-print-1024x684.jpeg\" alt=\"\" width=\"1024\" height=\"684\" srcset=\"https:\/\/akks.no\/bergen\/files\/2021\/10\/Kristoffer_Oen-Lillemy-D3F_6838-print-1024x684.jpeg 1024w, https:\/\/akks.no\/bergen\/files\/2021\/10\/Kristoffer_Oen-Lillemy-D3F_6838-print-300x200.jpeg 300w, https:\/\/akks.no\/bergen\/files\/2021\/10\/Kristoffer_Oen-Lillemy-D3F_6838-print-768x513.jpeg 768w, https:\/\/akks.no\/bergen\/files\/2021\/10\/Kristoffer_Oen-Lillemy-D3F_6838-print-1536x1025.jpeg 1536w, https:\/\/akks.no\/bergen\/files\/2021\/10\/Kristoffer_Oen-Lillemy-D3F_6838-print-2048x1367.jpeg 2048w, https:\/\/akks.no\/bergen\/files\/2021\/10\/Kristoffer_Oen-Lillemy-D3F_6838-print-720x480.jpeg 720w, https:\/\/akks.no\/bergen\/files\/2021\/10\/Kristoffer_Oen-Lillemy-D3F_6838-print-600x401.jpeg 600w\" sizes=\"(max-width: 1024px) 100vw, 1024px\" \/><\/p>\n<p><em>Oppvarming Safario: LilleMy og Einar p\u00e5 Kvarteret (2021)<\/em><\/p>\n","protected":false},"excerpt":{"rendered":"<p>Lurer du p\u00e5 hvilke artister som har spilt UFLAKKS-konserter? Her er en oversikt over alle konserter og artister vi har hatt innom siden starten.<\/p>\n","protected":false},"author":5,"featured_media":0,"parent":0,"menu_order":0,"comment_status":"closed","ping_status":"closed","template":"","meta":[],"_links":{"self":[{"href":"https:\/\/akks.no\/bergen\/wp-json\/wp\/v2\/pages\/1605"}],"collection":[{"href":"https:\/\/akks.no\/bergen\/wp-json\/wp\/v2\/pages"}],"about":[{"href":"https:\/\/akks.no\/bergen\/wp-json\/wp\/v2\/types\/page"}],"author":[{"embeddable":true,"href":"https:\/\/akks.no\/bergen\/wp-json\/wp\/v2\/users\/5"}],"replies":[{"embeddable":true,"href":"https:\/\/akks.no\/bergen\/wp-json\/wp\/v2\/comments?post=1605"}],"version-history":[{"count":12,"href":"https:\/\/akks.no\/bergen\/wp-json\/wp\/v2\/pages\/1605\/revisions"}],"predecessor-version":[{"id":6724,"href":"https:\/\/akks.no\/bergen\/wp-json\/wp\/v2\/pages\/1605\/revisions\/6724"}],"wp:attachment":[{"href":"https:\/\/akks.no\/bergen\/wp-json\/wp\/v2\/media?parent=1605"}],"curies":[{"name":"wp","href":"https:\/\/api.w.org\/{rel}","templated":true}]}}