{"id":159,"date":"2018-09-21T14:48:34","date_gmt":"2018-09-21T12:48:34","guid":{"rendered":"http:\/\/akks-no.staging.wordpress.idium.no\/bergen\/?page_id=159"},"modified":"2026-03-31T14:55:17","modified_gmt":"2026-03-31T12:55:17","slug":"ovingslokaler","status":"publish","type":"page","link":"https:\/\/akks.no\/bergen\/ovingslokaler\/","title":{"rendered":"\u00d8vingslokaler"},"content":{"rendered":"<h2><\/h2>\n<h2><\/h2>\n<h2><strong><a href=\"https:\/\/akks.no\/bergen\/book-ovingsrom\/\">Book \u00f8ving<\/a><\/strong><\/h2>\n<p>&nbsp;<\/p>\n<hr \/>\n<h2><\/h2>\n<p>&nbsp;<\/p>\n<h2><strong><a style=\"cursor: pointer !important; user-select: none !important;\" href=\"\/bergen\/2026\/02\/24\/veiledning-til-bookingsystemet\/\">Videoer: Veiledning til bookingsystemet<\/a><\/strong><\/h2>\n<p>&nbsp;<\/p>\n<hr \/>\n<h2><\/h2>\n<h2><\/h2>\n<p>&nbsp;<\/p>\n<h2><strong><a href=\"https:\/\/akks.no\/bergen\/priser\/\">Priser<\/a><\/strong><\/h2>\n<p>&nbsp;<\/p>\n<hr \/>\n<h2><\/h2>\n<p>&nbsp;<\/p>\n<h2><strong><a href=\"https:\/\/akks.no\/bergen\/besok-oss\/\">Bes\u00f8k oss<\/a><\/strong><\/h2>\n<p>&nbsp;<\/p>\n<hr \/>\n<h2><\/h2>\n<p>&nbsp;<\/p>\n<h2><strong><a href=\"https:\/\/akks.no\/bergen\/tilgjengelighet\/\">Tilgjengelighet<\/a><\/strong><\/h2>\n<p>&nbsp;<\/p>\n<hr \/>\n<h2><\/h2>\n<p>&nbsp;<\/p>\n<h2><strong><a href=\"https:\/\/akks.no\/bergen\/qa-sporsmal-og-svar\/\">Q&amp;A (kurs, konserter og \u00f8vingslokaler)<\/a><\/strong><\/h2>\n<p>&nbsp;<\/p>\n","protected":false},"excerpt":{"rendered":"<p>Book \u00f8ving &nbsp; &nbsp; Videoer: Veiledning til bookingsystemet &nbsp; &nbsp; Priser &nbsp; &nbsp; Bes\u00f8k oss &nbsp; &nbsp; Tilgjengelighet &nbsp; &nbsp; Q&amp;A (kurs, konserter og \u00f8vingslokaler) &nbsp;<\/p>\n","protected":false},"author":1,"featured_media":2607,"parent":0,"menu_order":0,"comment_status":"closed","ping_status":"closed","template":"","meta":[],"_links":{"self":[{"href":"https:\/\/akks.no\/bergen\/wp-json\/wp\/v2\/pages\/159"}],"collection":[{"href":"https:\/\/akks.no\/bergen\/wp-json\/wp\/v2\/pages"}],"about":[{"href":"https:\/\/akks.no\/bergen\/wp-json\/wp\/v2\/types\/page"}],"author":[{"embeddable":true,"href":"https:\/\/akks.no\/bergen\/wp-json\/wp\/v2\/users\/1"}],"replies":[{"embeddable":true,"href":"https:\/\/akks.no\/bergen\/wp-json\/wp\/v2\/comments?post=159"}],"version-history":[{"count":135,"href":"https:\/\/akks.no\/bergen\/wp-json\/wp\/v2\/pages\/159\/revisions"}],"predecessor-version":[{"id":8830,"href":"https:\/\/akks.no\/bergen\/wp-json\/wp\/v2\/pages\/159\/revisions\/8830"}],"wp:featuredmedia":[{"embeddable":true,"href":"https:\/\/akks.no\/bergen\/wp-json\/wp\/v2\/media\/2607"}],"wp:attachment":[{"href":"https:\/\/akks.no\/bergen\/wp-json\/wp\/v2\/media?parent=159"}],"curies":[{"name":"wp","href":"https:\/\/api.w.org\/{rel}","templated":true}]}}