{"id":152,"date":"2018-09-06T10:38:28","date_gmt":"2018-09-06T08:38:28","guid":{"rendered":"http:\/\/akks-no.staging.wordpress.idium.no\/bergen\/?page_id=152"},"modified":"2025-01-15T15:46:49","modified_gmt":"2025-01-15T14:46:49","slug":"bli-medlem-bergen","status":"publish","type":"page","link":"https:\/\/akks.no\/bergen\/bli-medlem-bergen\/","title":{"rendered":"Bli medlem i AKKS Bergen"},"content":{"rendered":"<p><a href=\"https:\/\/akks.hypersys.no\/forms\/innmeldingsskjema\"><img loading=\"lazy\" class=\"alignleft wp-image-2710 size-full\" src=\"http:\/\/akks.no\/bergen\/files\/2021\/01\/enkeltmedlemskap-3.png\" alt=\"\" width=\"512\" height=\"427\" srcset=\"https:\/\/akks.no\/bergen\/files\/2021\/01\/enkeltmedlemskap-3.png 512w, https:\/\/akks.no\/bergen\/files\/2021\/01\/enkeltmedlemskap-3-300x250.png 300w\" sizes=\"(max-width: 512px) 100vw, 512px\" \/><\/a> <a href=\"https:\/\/akks.hypersys.no\/forms\/soknad-for-innmelding-av-medlemsband-i-akks\/\"><img loading=\"lazy\" class=\"alignleft wp-image-2711 size-full\" src=\"http:\/\/akks.no\/bergen\/files\/2021\/01\/Bandmedlemskap-1.png\" alt=\"\" width=\"512\" height=\"427\" srcset=\"https:\/\/akks.no\/bergen\/files\/2021\/01\/Bandmedlemskap-1.png 512w, https:\/\/akks.no\/bergen\/files\/2021\/01\/Bandmedlemskap-1-300x250.png 300w\" sizes=\"(max-width: 512px) 100vw, 512px\" \/><\/a><\/p>\n<p>&nbsp;<\/p>\n<p>&nbsp;<\/p>\n<p>&nbsp;<\/p>\n<p>&nbsp;<\/p>\n<p>&nbsp;<\/p>\n<p>&nbsp;<\/p>\n<p>&nbsp;<\/p>\n<p>&nbsp;<\/p>\n<p>&nbsp;<\/p>\n<p>&nbsp;<\/p>\n<p>&nbsp;<\/p>\n<p>&nbsp;<\/p>\n<p><strong>Bli med i <\/strong><strong> #akksfamilien!<\/strong><\/p>\n<p>Vi tilbyr to typer medlemskap:<br class=\"\" \/><b class=\"\">Ordin\u00e6rt medlemskap<\/b>\u00a0koster 50 kr og er et individuelt medlemskap.<br \/>\n<br class=\"\" \/><a href=\"https:\/\/akks.no\/bandmedlem\/\"><b class=\"\">Bandmedlemskap<\/b><\/a> koster 50 kr per bandmedlem.<\/p>\n<p>Som medlemsband kan dere s\u00f8ke Frifond-st\u00f8tte via AKKS og VO-tilskudd for \u00f8vingene\u00a0deres.<br \/>\n<a href=\"https:\/\/akks.no\/bandmedlem\/\">Les mer om bandmedlemskap her<\/a> og benytt eget innmeldingsskjema for band.<\/p>\n<p>Et medlemskap i AKKS gjelder for ett \u00e5r og m\u00e5 fornyes hvert kalender\u00e5r. Du kan melde deg inn eller fornye medlemsskapet ditt p\u00e5 SMS, ved \u00e5 logge deg inn p\u00e5 <a href=\"https:\/\/akks.hypersys.no\">din brukerprofil<\/a> eller sende innmeldingsskjemaet \u00f8verst.<\/p>\n<p><img loading=\"lazy\" class=\"alignnone wp-image-2763\" src=\"http:\/\/akks.no\/bergen\/files\/2021\/02\/meld-inn-via-sms1.png\" alt=\"\" width=\"1007\" height=\"537\" srcset=\"https:\/\/akks.no\/bergen\/files\/2021\/02\/meld-inn-via-sms1.png 1200w, https:\/\/akks.no\/bergen\/files\/2021\/02\/meld-inn-via-sms1-300x160.png 300w, https:\/\/akks.no\/bergen\/files\/2021\/02\/meld-inn-via-sms1-1024x546.png 1024w, https:\/\/akks.no\/bergen\/files\/2021\/02\/meld-inn-via-sms1-768x410.png 768w, https:\/\/akks.no\/bergen\/files\/2021\/02\/meld-inn-via-sms1-600x320.png 600w\" sizes=\"(max-width: 1007px) 100vw, 1007px\" \/><\/p>\n<hr \/>\n<h2><strong>Nyhetsbrev<\/strong><\/h2>\n<p>F\u00e5 med deg hva som skjer hos AKKS Bergen ved \u00e5 abonnere p\u00e5 v\u00e5rt nyhetsbrev.<br \/>\n<a href=\"http:\/\/eepurl.com\/dAFOTD\">Meld deg p\u00e5 her!<\/a><\/p>\n<p>Alle innmeldte medlemmer legges automatisk til v\u00e5rt nyhetsbrev.<\/p>\n<hr \/>\n<h2><strong>Innmelding via SMS<\/strong><\/h2>\n<p>Send sms med kodeord: <strong>AKKS fornavn etternavn f\u00f8dselsdato adresse epost<\/strong> til 2030<strong>.<\/strong><\/p>\n<p>Du vil motta bekreftelse i form av en returmelding n\u00e5r innmeldingen er registrering og betalingen har g\u00e5tt igjennom.<br \/>\nTa kontakt med oss det skulle v\u00e6re problemer eller sp\u00f8rsm\u00e5l, <a href=\"mailto:kontoret@bergen.akks.no\">kontoret@bergen.akks.no<\/a> eller tlf: 55557555.<\/p>\n<p>Du f\u00e5r <strong>medlemsbeviset<\/strong> ditt p\u00e5 SMS ved \u00e5 sende AKKS MEDLEM til 2030.<br \/>\nDa kommer en SMS i retur med bevis p\u00e5 betalt medlemskap.<br \/>\n\u00d8nsker du et fysisk medlemskort kan du ta kontakt med oss p\u00e5 AKKS-kontoret s\u00e5 kan vi sende medlemskort per post.<\/p>\n<h5><strong>Var du medlem i fjor, men har glemt \u00e5 fornye medlemskapet?<\/strong><\/h5>\n<p>Send SMS med kodeord <strong>AKKS BETAL 50<\/strong> til <strong>2030<\/strong>.<br \/>\nDa vil det bli trukket 50 kr fra ditt telefonabonnement. Husk at SMS-en m\u00e5 sendes fra det mobilnummeret som medlemskapet er registrert p\u00e5. Dersom du ikke f\u00e5r returmelding, har ikke betalingen g\u00e5tt igjennom. Dette kan v\u00e6re p\u00e5 grunn av en eventuell sperre p\u00e5 mobilabonnementet eller at mobilnummeret ikke ligger inne i v\u00e5re systemer.<\/p>\n<p>Har du flyttet eller registrert feil adresse hos oss kan du enkelt gi oss din riktige adresse ved \u00e5 sende sms AKKS ADRESSE gateadresse, postnr, poststed til 2030<strong>.<\/strong><\/p>\n<hr \/>\n<h2><strong><img loading=\"lazy\" class=\"alignnone size-full wp-image-1408\" src=\"http:\/\/akks.no\/bergen\/files\/2020\/01\/Kristoffer_\u00d8en-Julie-and-The-Peckers-DEF_5116-print-scaled.jpg\" alt=\"\" width=\"2560\" height=\"1709\" srcset=\"https:\/\/akks.no\/bergen\/files\/2020\/01\/Kristoffer_\u00d8en-Julie-and-The-Peckers-DEF_5116-print-scaled.jpg 2560w, https:\/\/akks.no\/bergen\/files\/2020\/01\/Kristoffer_\u00d8en-Julie-and-The-Peckers-DEF_5116-print-300x200.jpg 300w, https:\/\/akks.no\/bergen\/files\/2020\/01\/Kristoffer_\u00d8en-Julie-and-The-Peckers-DEF_5116-print-1024x684.jpg 1024w, https:\/\/akks.no\/bergen\/files\/2020\/01\/Kristoffer_\u00d8en-Julie-and-The-Peckers-DEF_5116-print-768x513.jpg 768w, https:\/\/akks.no\/bergen\/files\/2020\/01\/Kristoffer_\u00d8en-Julie-and-The-Peckers-DEF_5116-print-1536x1025.jpg 1536w, https:\/\/akks.no\/bergen\/files\/2020\/01\/Kristoffer_\u00d8en-Julie-and-The-Peckers-DEF_5116-print-2048x1367.jpg 2048w, https:\/\/akks.no\/bergen\/files\/2020\/01\/Kristoffer_\u00d8en-Julie-and-The-Peckers-DEF_5116-print-720x480.jpg 720w, https:\/\/akks.no\/bergen\/files\/2020\/01\/Kristoffer_\u00d8en-Julie-and-The-Peckers-DEF_5116-print-600x401.jpg 600w\" sizes=\"(max-width: 2560px) 100vw, 2560px\" \/><\/strong><\/h2>\n<hr \/>\n<h2><strong>Innmelding via skjema \u2013 f\u00e5 tilsendt faktura<br \/>\n<\/strong><\/h2>\n<p>Du kan ogs\u00e5 benytte deg av innmeldingsskjemaet nederst p\u00e5 denne siden. Fyll ut skjemaet under og du vil umiddelbart f\u00e5 faktura p\u00e5 e-post (husk \u00e5 sjekke spamfilteret).<\/p>\n<hr \/>\n<h2><strong>Din medlemsbrukerprofil<\/strong><\/h2>\n<p>Du kan ogs\u00e5 gj\u00f8re endringer p\u00e5 medlemskapet ditt, som f.eks. endre adresse, telefonnummer eller e-post ved \u00e5 g\u00e5 inn p\u00e5 din brukerprofil p\u00e5 <a href=\"https:\/\/akks.hypersys.no\/\">https:\/\/akks.hypersys.no.<\/a> Er det f\u00f8rste gang du logger deg p\u00e5 v\u00e5rt medlemssystem, skriver du inn e-postadressen som du har registrert hos oss og trykk &laquo;glemt passord&raquo;. Du vil da f\u00e5 en e-post med link der du kan velge nytt passord og du kan logge deg inn i medlemssystemet v\u00e5rt og oppdatere medlemskapet. Her kan du ogs\u00e5 betale gjeldende \u00e5rs kontingent.<\/p>\n<p>&nbsp;<\/p>\n<p><iframe loading=\"lazy\" src=\"https:\/\/akks.hypersys.no\/forms\/innmeldingsskjema\/iframe\/\" width=\"900\" height=\"1000\" frameborder=\"0\" marginwidth=\"0\" marginheight=\"0\" data-mce-fragment=\"1\"><span style=\"display: inline-block; width: 0px; overflow: hidden; line-height: 0;\" data-mce-type=\"bookmark\" class=\"mce_SELRES_start\">\ufeff<\/span>Laster&#8230;<\/iframe><\/p>\n<p>&nbsp;<\/p>\n<p>&nbsp;<\/p>\n","protected":false},"excerpt":{"rendered":"<p>Du trenger ikke g\u00e5 p\u00e5 kurs eller leie \u00f8vingslokale for \u00e5 bli medlem hos oss. Som medlem i AKKS f\u00e5r du tilgang til en rekke medlemsfordeler, inkludert medlemspris p\u00e5 b\u00e5de kurs, leie av \u00f8vingslokaler og konserter i regi av AKKS, samt gode rabatter hos utvalgte musikkbutikker og en rekke samarbeidspartnere. I tillegg bidrar du direkte til organisasjonens arbeid for et likestilt og mangfoldig musikkliv.<\/p>\n","protected":false},"author":1,"featured_media":1433,"parent":0,"menu_order":0,"comment_status":"closed","ping_status":"closed","template":"","meta":[],"_links":{"self":[{"href":"https:\/\/akks.no\/bergen\/wp-json\/wp\/v2\/pages\/152"}],"collection":[{"href":"https:\/\/akks.no\/bergen\/wp-json\/wp\/v2\/pages"}],"about":[{"href":"https:\/\/akks.no\/bergen\/wp-json\/wp\/v2\/types\/page"}],"author":[{"embeddable":true,"href":"https:\/\/akks.no\/bergen\/wp-json\/wp\/v2\/users\/1"}],"replies":[{"embeddable":true,"href":"https:\/\/akks.no\/bergen\/wp-json\/wp\/v2\/comments?post=152"}],"version-history":[{"count":19,"href":"https:\/\/akks.no\/bergen\/wp-json\/wp\/v2\/pages\/152\/revisions"}],"predecessor-version":[{"id":7958,"href":"https:\/\/akks.no\/bergen\/wp-json\/wp\/v2\/pages\/152\/revisions\/7958"}],"wp:featuredmedia":[{"embeddable":true,"href":"https:\/\/akks.no\/bergen\/wp-json\/wp\/v2\/media\/1433"}],"wp:attachment":[{"href":"https:\/\/akks.no\/bergen\/wp-json\/wp\/v2\/media?parent=152"}],"curies":[{"name":"wp","href":"https:\/\/api.w.org\/{rel}","templated":true}]}}