{"id":1517,"date":"2020-03-22T14:02:23","date_gmt":"2020-03-22T13:02:23","guid":{"rendered":"http:\/\/akks.no\/bergen\/?page_id=1517"},"modified":"2023-01-20T13:52:25","modified_gmt":"2023-01-20T12:52:25","slug":"kursarkiv","status":"publish","type":"page","link":"https:\/\/akks.no\/bergen\/kurs\/kursarkiv\/","title":{"rendered":"Tidligere kurs"},"content":{"rendered":"<p>AKKS Bergen arrangerer 4-5 kurs og workshops i \u00e5ret utover v\u00e5re ordin\u00e6re musikkurs. P\u00e5 denne siden finner du et arkiv med oversikt over kurs og workshops som alt er holdt. Er du interessert i lignende kurs? Ta kontakt med oss via <a href=\"https:\/\/form.jotform.com\/220193751583356\">dette skjemaet<\/a> eller send oss en e-post <a href=\"http:\/\/kontoret@bergen.akks.no.\">kontoret@bergen.akks.no.<\/a><\/p>\n<p>&nbsp;<\/p>\n","protected":false},"excerpt":{"rendered":"<p>AKKS Bergen arrangerer 4-5 kurs og workshops i \u00e5ret utover v\u00e5re ordin\u00e6re musikkurs. P\u00e5 denne siden finner du et arkiv med oversikt over kurs og workshops som alt er holdt. Er du interessert i lignende kurs? Ta kontakt med oss via dette skjemaet eller send oss en e-post kontoret@bergen.akks.no. &nbsp;<\/p>\n","protected":false},"author":5,"featured_media":1019,"parent":35,"menu_order":0,"comment_status":"closed","ping_status":"closed","template":"","meta":[],"_links":{"self":[{"href":"https:\/\/akks.no\/bergen\/wp-json\/wp\/v2\/pages\/1517"}],"collection":[{"href":"https:\/\/akks.no\/bergen\/wp-json\/wp\/v2\/pages"}],"about":[{"href":"https:\/\/akks.no\/bergen\/wp-json\/wp\/v2\/types\/page"}],"author":[{"embeddable":true,"href":"https:\/\/akks.no\/bergen\/wp-json\/wp\/v2\/users\/5"}],"replies":[{"embeddable":true,"href":"https:\/\/akks.no\/bergen\/wp-json\/wp\/v2\/comments?post=1517"}],"version-history":[{"count":6,"href":"https:\/\/akks.no\/bergen\/wp-json\/wp\/v2\/pages\/1517\/revisions"}],"predecessor-version":[{"id":4342,"href":"https:\/\/akks.no\/bergen\/wp-json\/wp\/v2\/pages\/1517\/revisions\/4342"}],"up":[{"embeddable":true,"href":"https:\/\/akks.no\/bergen\/wp-json\/wp\/v2\/pages\/35"}],"wp:featuredmedia":[{"embeddable":true,"href":"https:\/\/akks.no\/bergen\/wp-json\/wp\/v2\/media\/1019"}],"wp:attachment":[{"href":"https:\/\/akks.no\/bergen\/wp-json\/wp\/v2\/media?parent=1517"}],"curies":[{"name":"wp","href":"https:\/\/api.w.org\/{rel}","templated":true}]}}