{"id":1392,"date":"2020-01-20T16:25:27","date_gmt":"2020-01-20T15:25:27","guid":{"rendered":"http:\/\/akks.no\/bergen\/?page_id=1392"},"modified":"2026-03-21T11:35:22","modified_gmt":"2026-03-21T10:35:22","slug":"avvikende-apningstider-akks-bergen","status":"publish","type":"page","link":"https:\/\/akks.no\/bergen\/avvikende-apningstider-akks-bergen\/","title":{"rendered":"\u00c5pningstider i ferier"},"content":{"rendered":"\r\n\r\n\r\n\r\n\r\n<h3><strong>AKKS-kontoret er stengt p\u00e5 helligdager og offentlige h\u00f8ytidsdager.\u00a0<\/strong><\/h3>\r\n<p>AKKS-kontoret holder stengt og det er heller ikke mulig \u00e5 booke eller \u00f8ve i \u00f8vingslokalene p\u00e5 f\u00f8lgende tidspunkt:<\/p>\r\n<ul>\r\n<li><strong>P\u00e5ske 2026<br \/><\/strong>P\u00e5skestengt fra 01. <span style=\"font-weight: 400;\">04.26 til og med 06.04.2026. \u00d8vingslokaler kan bookes fra og med 07.04.26.<br \/><br \/><\/span><\/li>\r\n<li><strong>Mai og juni 2026<\/strong><br \/>Kontoret og kontortelefonen holder stengt <span style=\"font-weight: 400;\">pga. offentlige fridager 01.05.26, 14.05.26, 25.05.26.\u00a0<br \/>\u00d8vingslokalene vil v\u00e6re \u00e5pne for booking, men vakttelefonen vil v\u00e6re utilgjengelig.\u00a0<br \/><br \/><\/span><\/li>\r\n<li><strong>Sommer 2026<br \/><\/strong>Sommerstengt &#8211; datoer oppdater.\u00a0<br \/><br \/><\/li>\r\n<li><strong>Jul 2026\u00a0<br \/><\/strong>Julestengt &#8211; datoer oppdateres.\u00a0<\/li>\r\n<\/ul>\r\n<p>&nbsp;<\/p>\r\n<hr \/>\r\n<h3>\u00a0<\/h3>\r\n<h3><strong>The AKKS office is closed on public holidays.<\/strong><\/h3>\r\n<p>The AKKS office is closed and it is not possible to book a rehearsal room or practice in them at the following times:<\/p>\r\n<ul>\r\n<li><strong>Easter 2025<\/strong><br \/>Closed for Easter from 11.04.25-22.04.25<br \/><br \/><\/li>\r\n<li><strong>May and June 2025<br \/><\/strong>Closed on 1th May, 9th May, 17th May, 29th May and 9th of June 2025.<br \/><br \/><\/li>\r\n<li><strong>Summer 2024<\/strong><br \/>Closed for summer from 1st of July-5th of August<br \/><br \/><\/li>\r\n<li><strong>Christmas 2024<\/strong><br \/>Closed for Christmas from 22th December to and including 5th of January.<\/li>\r\n<\/ul>\r\n","protected":false},"excerpt":{"rendered":"<p>AKKS-kontoret er stengt p\u00e5 helligdager og offentlige h\u00f8ytidsdager.\u00a0 AKKS-kontoret holder stengt og det er heller ikke mulig \u00e5 booke eller \u00f8ve i \u00f8vingslokalene p\u00e5 f\u00f8lgende tidspunkt: P\u00e5ske 2026P\u00e5skestengt fra 01. 04.26 til og med 06.04.2026. \u00d8vingslokaler kan bookes fra og med 07.04.26. Mai og juni 2026Kontoret og kontortelefonen holder stengt pga. offentlige fridager 01.05.26, 14.05.26, [&hellip;]<\/p>\n","protected":false},"author":5,"featured_media":0,"parent":0,"menu_order":0,"comment_status":"closed","ping_status":"closed","template":"","meta":[],"_links":{"self":[{"href":"https:\/\/akks.no\/bergen\/wp-json\/wp\/v2\/pages\/1392"}],"collection":[{"href":"https:\/\/akks.no\/bergen\/wp-json\/wp\/v2\/pages"}],"about":[{"href":"https:\/\/akks.no\/bergen\/wp-json\/wp\/v2\/types\/page"}],"author":[{"embeddable":true,"href":"https:\/\/akks.no\/bergen\/wp-json\/wp\/v2\/users\/5"}],"replies":[{"embeddable":true,"href":"https:\/\/akks.no\/bergen\/wp-json\/wp\/v2\/comments?post=1392"}],"version-history":[{"count":58,"href":"https:\/\/akks.no\/bergen\/wp-json\/wp\/v2\/pages\/1392\/revisions"}],"predecessor-version":[{"id":8778,"href":"https:\/\/akks.no\/bergen\/wp-json\/wp\/v2\/pages\/1392\/revisions\/8778"}],"wp:attachment":[{"href":"https:\/\/akks.no\/bergen\/wp-json\/wp\/v2\/media?parent=1392"}],"curies":[{"name":"wp","href":"https:\/\/api.w.org\/{rel}","templated":true}]}}