{"id":114,"date":"2019-01-15T11:30:49","date_gmt":"2019-01-15T10:30:49","guid":{"rendered":"http:\/\/akks-no.staging.wordpress.idium.no\/bergen\/?page_id=114"},"modified":"2026-04-21T14:43:09","modified_gmt":"2026-04-21T12:43:09","slug":"eggstockfestivalen","status":"publish","type":"page","link":"https:\/\/akks.no\/bergen\/eggstockfestivalen\/","title":{"rendered":"Eggstockfestivalen"},"content":{"rendered":"<p><img loading=\"lazy\" class=\"alignnone size-large wp-image-8874\" src=\"http:\/\/akks.no\/bergen\/files\/2026\/04\/Eggstockfestivalen-header-1024x448.jpg\" alt=\"\" width=\"1024\" height=\"448\" srcset=\"https:\/\/akks.no\/bergen\/files\/2026\/04\/Eggstockfestivalen-header-1024x448.jpg 1024w, https:\/\/akks.no\/bergen\/files\/2026\/04\/Eggstockfestivalen-header-300x131.jpg 300w, https:\/\/akks.no\/bergen\/files\/2026\/04\/Eggstockfestivalen-header-768x336.jpg 768w, https:\/\/akks.no\/bergen\/files\/2026\/04\/Eggstockfestivalen-header-1536x672.jpg 1536w, https:\/\/akks.no\/bergen\/files\/2026\/04\/Eggstockfestivalen-header-2048x895.jpg 2048w, https:\/\/akks.no\/bergen\/files\/2026\/04\/Eggstockfestivalen-header-600x262.jpg 600w\" sizes=\"(max-width: 1024px) 100vw, 1024px\" \/><\/p>\n<h4>F\u00f8lg med p\u00e5 <a href=\"http:\/\/eggstock.no\">eggstock.no<\/a> for informasjon om \u00e5rets festival!<\/h4>\n<p>&nbsp;<\/p>\n<h3><strong>Hva er Eggstockfestivalen?<\/strong><\/h3>\n<p>Eggstockfestivalen er et springbrett for unge talenter i Vestland fylke og det er plass til opptil 22 band hvert \u00e5r som bookes inn etter f\u00f8rstemann til m\u00f8lla-prinsippet. Artister som Sondre Lerche, Hvitmalt Gjerde, Major Parkinson, Boy Pablo, Thea Hjelmeland, Tarjei Str\u00f8m, Razika, Silja Sol og Matiaz Tellez har opptr\u00e5dt p\u00e5 Eggstockfestivalen tidlig i sine karrierer. Festivalen arrangeres som en konkurranse med to innledende dager og en finaledag, der opptil 10 av de deltakende bandene opptrer.<\/p>\n<p>Bandene konkurrerer om flotte premier som gis av samarbeidspartnere i det lokale n\u00e6ringslivet, og vinnerne utnevnes av en jury best\u00e5ende av h\u00f8ytst\u00e5ende personer fra musikkbransjen.<\/p>\n<p>F\u00f8r festivalen arrangeres det ogs\u00e5 en fagdag med fokus p\u00e5 hvordan \u00e5 lykkes i musikkbransjen hvor ledende musikkpersoner holder foredrag. Denne fagdagen er gratis og \u00e5pen for alle musikere.<\/p>\n<p>Eggstockfestivalen arrangeres av AKKS Bergen p\u00e5 <a href=\"http:\/\/kvarteret.no\">Det Akademiske Kvarter<\/a>.<\/p>\n<p><strong><em>Lurer du p\u00e5 om noen av dine favorittartister har spilt p\u00e5 Eggstockfestivalen? <\/em><\/strong><\/p>\n<p><strong><em>Se <a href=\"https:\/\/www.eggstock.no\/om-festivalen-1\">oversikten over vinnerne fra de siste \u00e5rene her<\/a>.<\/em><\/strong><\/p>\n<p>&nbsp;<\/p>\n<h3><strong>Frivillig &#8211; p\u00e5meldingen er \u00c5PEN p\u00e5 <a href=\"https:\/\/www.eggstock.no\/frivillig-pamelding\">eggstock.no<\/a><\/strong><\/h3>\n<p>Har du lyst til \u00e5 v\u00e6re med og arrangere Eggstockfestivalen p\u00e5 Kvarteret? De frivillige er den viktigste resursen for \u00e5 gjennomf\u00f8re festivalen og har f\u00e5r du muligheten til \u00e5 f\u00e5 innsikt og kompetanse i alle aspekter knyttet til festivalproduksjon. Hvert \u00e5r har vi over 60 frivillige som er en del av teamet og bidrar som artisverter, i sosiale medier, billett, bar, brannvakter, trivselsvakter og foto.\u00a0 Alle frivillige f\u00e5r festivalmerch, en god middag, nye venner, festivalpass og ikke minst et lass med arbeidserfaring fra festivalavvikling! I tillegg f\u00e5r man gratis inngang p\u00e5 Eggstock Etterfest i august\/september. F\u00f8r festivalen f\u00e5r du v\u00e6re med p\u00e5 kick-off for \u00e5 bli kjent med hverandre, arbeidsoppgavene og venue. Det er ingen aldersgrense for \u00e5 v\u00e6re frivillig p\u00e5 Eggstockfestivalen.<\/p>\n<p>Frivilligp\u00e5meldingen er \u00e5pen p\u00e5 <a href=\"http:\/\/eggstock.no\">eggstock.no<\/a><\/p>\n<p>&nbsp;<\/p>\n<hr \/>\n<p class=\"p1\"><em><span class=\"s1\">Vi vil at arrangementene v\u00e5re skal v\u00e6re tilgjengelige for alle. Ledsager g\u00e5r derfor gratis p\u00e5 alle v\u00e5re arrangement ved fremvisning av gyldig ledsagerbevis utstedt av kommunen. Aktivitetskortet fra Bergen kommune kan ogs\u00e5 benyttes p\u00e5 festivalen. Ved forh\u00e5ndsbestilling av billetter eller andre sp\u00f8rsm\u00e5l, ta kontakt med oss p\u00e5 <a href=\"mailto:bergen@akks.no\"><span class=\"s2\">bergen@akks.no<\/span><\/a> eller tlf. 55 55 75 55.<\/span><\/em><\/p>\n","protected":false},"excerpt":{"rendered":"<p>Eggstockfestivalen er den eneste festivalen i Norge for unge, uetablerte musikere og er et springbrett for unge talenter fra Vestland!<\/p>\n","protected":false},"author":5,"featured_media":7960,"parent":0,"menu_order":0,"comment_status":"closed","ping_status":"closed","template":"","meta":[],"_links":{"self":[{"href":"https:\/\/akks.no\/bergen\/wp-json\/wp\/v2\/pages\/114"}],"collection":[{"href":"https:\/\/akks.no\/bergen\/wp-json\/wp\/v2\/pages"}],"about":[{"href":"https:\/\/akks.no\/bergen\/wp-json\/wp\/v2\/types\/page"}],"author":[{"embeddable":true,"href":"https:\/\/akks.no\/bergen\/wp-json\/wp\/v2\/users\/5"}],"replies":[{"embeddable":true,"href":"https:\/\/akks.no\/bergen\/wp-json\/wp\/v2\/comments?post=114"}],"version-history":[{"count":34,"href":"https:\/\/akks.no\/bergen\/wp-json\/wp\/v2\/pages\/114\/revisions"}],"predecessor-version":[{"id":8876,"href":"https:\/\/akks.no\/bergen\/wp-json\/wp\/v2\/pages\/114\/revisions\/8876"}],"wp:featuredmedia":[{"embeddable":true,"href":"https:\/\/akks.no\/bergen\/wp-json\/wp\/v2\/media\/7960"}],"wp:attachment":[{"href":"https:\/\/akks.no\/bergen\/wp-json\/wp\/v2\/media?parent=114"}],"curies":[{"name":"wp","href":"https:\/\/api.w.org\/{rel}","templated":true}]}}