{"id":1049,"date":"2019-07-01T15:06:35","date_gmt":"2019-07-01T13:06:35","guid":{"rendered":"http:\/\/akks.no\/bergen\/?page_id=1049"},"modified":"2022-01-03T14:18:48","modified_gmt":"2022-01-03T13:18:48","slug":"contact-us","status":"publish","type":"page","link":"https:\/\/akks.no\/bergen\/contact-us\/?lang=en","title":{"rendered":"Contact us"},"content":{"rendered":"<p><strong>Office and postal address <\/strong><br \/>\nAKKS Bergen<br \/>\nGeorgernes Verft 12<br \/>\n5011 Bergen<\/p>\n<p><strong>Email:<\/strong> <a href=\"mailto:bergen@akks.no\">bergen@akks.no<\/a><br \/>\n<strong>Phone:<\/strong> 55 55 75 55<\/p>\n<p>Our office hours are between 10 AM and 3 PM.<\/p>\n<p><strong>Facebook:<\/strong> <a href=\"https:\/\/www.facebook.com\/AKKSBergen\/\">AKKS Bergen<\/a><br \/>\n<strong>Instagram:<\/strong> <a href=\"https:\/\/www.instagram.com\/akksbergen\/\">@akksbergen<\/a><\/p>\n<h3><\/h3>\n<h3><strong>Employees<\/strong><\/h3>\n<p><strong>Trine Gabrielsen<\/strong><br \/>\nGeneral manager<br \/>\n<a href=\"mailto:bergen@akks.no\">bergen@akks.no<\/a><\/p>\n<p><strong>Victoria Moldekleiv<\/strong><br \/>\nCourses and rehearsal rooms<br \/>\n<a href=\"mailto:kontoret@bergen.akks.no\">kontoret@bergen.akks.no<\/a><\/p>\n<p><strong>Marte Lj\u00f8kels\u00f8y \u00c5dland<\/strong><br \/>\nEvent manager<br \/>\n<a href=\"mailto:arrangement@bergen.akks.no\">arrangement@bergen.akks.no<\/a><\/p>\n<p>Project manager UFLAKKS<br \/>\n<a href=\"mailto:bergen@uflakks.no\">bergen@uflakks.no<\/a><\/p>\n<p>Festival coordinator Eggstock Festival<br \/>\n<a href=\"mailto:hallo@eggstock.no\">hallo@eggstock.no<\/a><\/p>\n<p>&nbsp;<\/p>\n<h3><strong>The Board<\/strong><\/h3>\n<p><strong>Sam Patricia Melo<\/strong><br \/>\nHead of board<br \/>\n<a href=\"mailto:sampatriciamelo@gmail.com\">sampatriciamelo@gmail.com<\/a><\/p>\n<p><strong>Anney Niyokindi<\/strong><br \/>\nDeputy head of board<\/p>\n<p><strong>Unn Thorsen<\/strong><br \/>\nHead of Economics<\/p>\n<p><strong>Veronika Heilund<\/strong><br \/>\nBoard Member<\/p>\n<p><strong>Torleif Bay<\/strong><br \/>\nBoard Member<\/p>\n<p><strong>Sofia Marie Hamnes<\/strong><br \/>\nBoard Member<\/p>\n<p><strong>Marthe Serck-Hanssen <\/strong><br \/>\nBoard Member<\/p>\n<p><strong>Dipha Thiruchelvam<\/strong><br \/>\nBoard Member<\/p>\n<p><strong>Helene Oestreich<\/strong><br \/>\n1st deputy member<\/p>\n<p><strong>Sveinung Igesund<\/strong><br \/>\n2nd deputy member<\/p>\n<p><strong>Martine Aase Vaage<\/strong><br \/>\n3rd deputy member<\/p>\n","protected":false},"excerpt":{"rendered":"<p>Office and postal address AKKS Bergen Georgernes Verft 12 5011 Bergen Email: bergen@akks.no Phone: 55 55 75 55 Our office hours are between 10 AM and 3 PM. Facebook: AKKS Bergen Instagram: @akksbergen Employees Trine Gabrielsen General manager bergen@akks.no Victoria Moldekleiv Courses and rehearsal rooms kontoret@bergen.akks.no Marte Lj\u00f8kels\u00f8y \u00c5dland Event manager arrangement@bergen.akks.no Project manager UFLAKKS [&hellip;]<\/p>\n","protected":false},"author":5,"featured_media":0,"parent":0,"menu_order":0,"comment_status":"closed","ping_status":"closed","template":"","meta":[],"_links":{"self":[{"href":"https:\/\/akks.no\/bergen\/wp-json\/wp\/v2\/pages\/1049\/?lang=en"}],"collection":[{"href":"https:\/\/akks.no\/bergen\/wp-json\/wp\/v2\/pages\/?lang=en"}],"about":[{"href":"https:\/\/akks.no\/bergen\/wp-json\/wp\/v2\/types\/page\/?lang=en"}],"author":[{"embeddable":true,"href":"https:\/\/akks.no\/bergen\/wp-json\/wp\/v2\/users\/5\/?lang=en"}],"replies":[{"embeddable":true,"href":"https:\/\/akks.no\/bergen\/wp-json\/wp\/v2\/comments\/?lang=en&post=1049"}],"version-history":[{"count":8,"href":"https:\/\/akks.no\/bergen\/wp-json\/wp\/v2\/pages\/1049\/revisions\/?lang=en"}],"predecessor-version":[{"id":3932,"href":"https:\/\/akks.no\/bergen\/wp-json\/wp\/v2\/pages\/1049\/revisions\/3932\/?lang=en"}],"wp:attachment":[{"href":"https:\/\/akks.no\/bergen\/wp-json\/wp\/v2\/media\/?lang=en&parent=1049"}],"curies":[{"name":"wp","href":"https:\/\/api.w.org\/{rel}","templated":true}]}}